{"id":9769,"date":"2018-09-07T11:02:03","date_gmt":"2018-09-07T11:02:03","guid":{"rendered":"http:\/\/www.elabrno.cz\/?page_id=9769"},"modified":"2018-09-25T09:06:25","modified_gmt":"2018-09-25T09:06:25","slug":"pu-2","status":"publish","type":"page","link":"https:\/\/www.elabrno.cz\/?page_id=9769","title":{"rendered":"PU"},"content":{"rendered":"<div id=\"content\">\n<div id=\"content\">\n<p style=\"text-align: right;\"><a href=\"http:\/\/www.elabrno.cz\/cs\/poptavky\/\" target=\"_blank\" rel=\"noopener\"><strong><span style=\"color: #01367a;\"> VYTVO\u0158IT POPT\u00c1VKU<\/span><\/strong><\/a><\/p>\n<hr \/>\n<p><strong>Aplikace<\/strong><\/p>\n<ul class=\"float\">\n<li>bezkontaktn\u00ed spojit\u00e9 sn\u00edm\u00e1n\u00ed hladiny kapalin<\/li>\n<li>samostatn\u00e1 funkce nebo ve spolupr\u00e1ci s \u0159\u00edd\u00edc\u00ed jednotkou MHU 99, MHU 99-S, MHU 99-C<\/li>\n<li>digit\u00e1ln\u00ed zpracov\u00e1n\u00ed sign\u00e1lu s v\u00fdkonn\u00fdm filtrem<\/li>\n<li>\u0159\u00edd\u00edc\u00ed j\u00e1dro \u2014\u00a0dvojice mikroprocesor\u016f<\/li>\n<li>nastaviteln\u00e9 m\u011b\u0159\u00edc\u00ed okno<\/li>\n<li>intern\u00ed digit\u00e1ln\u00ed kompenzace teploty okol\u00ed<\/li>\n<li>vysok\u00e9 kryt\u00ed IP\u00a068<\/li>\n<\/ul>\n<div id='gallery-1' class='gallery galleryid-9769 gallery-columns-9 gallery-size-thumbnail'><dl class='gallery-item'>\n\t\t\t<dt class='gallery-icon landscape'>\n\t\t\t\t<a href='https:\/\/www.elabrno.cz\/wp-content\/uploads\/2018\/09\/Clipboard01.jpg'><img loading=\"lazy\" decoding=\"async\" width=\"140\" height=\"133\" src=\"https:\/\/www.elabrno.cz\/wp-content\/uploads\/2018\/09\/Clipboard01-140x133.jpg\" class=\"attachment-thumbnail size-thumbnail\" alt=\"\" srcset=\"https:\/\/www.elabrno.cz\/wp-content\/uploads\/2018\/09\/Clipboard01-140x133.jpg 140w, https:\/\/www.elabrno.cz\/wp-content\/uploads\/2018\/09\/Clipboard01.jpg 281w\" sizes=\"auto, (max-width: 140px) 100vw, 140px\" \/><\/a>\n\t\t\t<\/dt><\/dl>\n\t\t\t<br style='clear: both' \/>\n\t\t<\/div>\n\n<hr \/>\n<p class=\"cleaner\"><strong>Technick\u00e9 \u00fadaje \u0159\u00eddic\u00ed jednotky<\/strong><\/p>\n<table>\n<tbody>\n<tr>\n<th align=\"left\">Typ sondy<\/th>\n<th>PU 500<\/th>\n<th>PU 2000<\/th>\n<th>PU 4000<\/th>\n<th>PU 6000<\/th>\n<\/tr>\n<tr>\n<td>Mont\u00e1\u017en\u00ed v\u00fd\u0161ka<\/td>\n<td>50\u00a0cm<\/td>\n<td>200\u00a0cm<\/td>\n<td>400\u00a0cm<\/td>\n<td>600\u00a0cm<\/td>\n<\/tr>\n<tr>\n<td>Rozsah m\u011b\u0159en\u00ed<\/td>\n<td>0\u201440\u00a0cm<\/td>\n<td>0\u2014180\u00a0cm<\/td>\n<td>0\u2014350\u00a0cm<\/td>\n<td>0\u2014520\u00a0cm<\/td>\n<\/tr>\n<tr>\n<td>\u00darove\u0148 rozli\u0161en\u00ed<\/td>\n<td colspan=\"4\">0,02\u00a0cm<\/td>\n<\/tr>\n<tr>\n<td>P\u0159esnost m\u011b\u0159en\u00ed<\/td>\n<td colspan=\"4\">0,4\u00a0% z\u00a0rozsahu<\/td>\n<\/tr>\n<tr>\n<td>Linearita<\/td>\n<td colspan=\"4\">\u00b10,2 cm<\/td>\n<\/tr>\n<tr>\n<td>Vyza\u0159ovac\u00ed \u00fahel<\/td>\n<td colspan=\"4\">10\u00b0<\/td>\n<\/tr>\n<tr>\n<td>Pracovn\u00ed teplota<\/td>\n<td colspan=\"4\">\u221220 \u00b0C a\u017e +50 \u00b0C<\/td>\n<\/tr>\n<tr>\n<td>Skladovac\u00ed teplota<\/td>\n<td colspan=\"4\">\u221240 \u00b0C a\u017e +85 \u00b0C<\/td>\n<\/tr>\n<tr>\n<td>Nap\u00e1jen\u00ed<\/td>\n<td colspan=\"4\">12\u201425 VDC\/100\u00a0mA<\/td>\n<\/tr>\n<tr>\n<td>Proudov\u00fd v\u00fdstup (aktivn\u00ed)<\/td>\n<td colspan=\"4\">4\/0\u201420\u00a0mA \/ obecn\u011b nastaviteln\u00fd v\u00a0rozsahu 0\u201430\u00a0mA \/ 300\u00a0Ohm\u016f, galvanicky odd\u011blen\u00fd<\/td>\n<\/tr>\n<tr>\n<td>Bin\u00e1rn\u00ed v\u00fdstup<\/td>\n<td colspan=\"4\">otev\u0159en\u00fd kolektor max. 30\u00a0VDC \/ 50\u00a0mA<\/td>\n<\/tr>\n<tr>\n<td>Funkce bin\u00e1rn\u00edho v\u00fdstupu<\/td>\n<td colspan=\"4\">+ kompar\u00e1tor nebo p\u00e1smov\u00fd sp\u00edna\u010d (s\u00a0hysterez\u00ed)<br \/>\n+ signalizace poruchy nebo startovac\u00ed f\u00e1ze<br \/>\n+ pulsn\u00ed v\u00fdstup (perioda line\u00e1rn\u011b \u00fam\u011brn\u00e1 v\u00fd\u0161ce hladiny)<\/td>\n<\/tr>\n<tr>\n<td>Komunika\u010dn\u00ed linka pro nastaven\u00ed<\/td>\n<td colspan=\"4\">RS 485, 1200 \u2014\u00a019200 Bd, ASCII protokol<\/td>\n<\/tr>\n<tr>\n<td>Kryt\u00ed<\/td>\n<td colspan=\"4\">IP\u00a068 (NEMA\u00a06)<\/td>\n<\/tr>\n<tr>\n<td>Rozm\u011bry (v\u00fd\u0161ka \u00d7 \u0161\u00ed\u0159ka \u00d7 hloubka)<\/td>\n<td colspan=\"4\">\u220574 \u00d7 &#8211; \u00d7 152\u00a0mm<\/td>\n<\/tr>\n<tr>\n<td>Hmotnost<\/td>\n<td colspan=\"4\">1,6\u00a0kg<\/td>\n<\/tr>\n<tr>\n<td>Propojovac\u00ed kabel<\/td>\n<td colspan=\"4\">8\u00a0\u00d7\u00a00,5\u00a0mm2 CU, pevn\u011b veden\u00fd ze sondy v\u00a0d\u00e9lce 4\u00a0m<\/td>\n<\/tr>\n<tr>\n<td>Komunika\u010dn\u00ed SW pro nastaven\u00ed<\/td>\n<td colspan=\"4\">WINDOWS<\/td>\n<\/tr>\n<tr>\n<td>Upevn\u011bn\u00ed<\/td>\n<td colspan=\"4\">konzole ELA<\/td>\n<\/tr>\n<\/tbody>\n<\/table>\n<div class=\"img popisek\">\n<hr \/>\n<\/div>\n<\/div>\n<\/div>\n","protected":false},"excerpt":{"rendered":"<p>VYTVO\u0158IT POPT\u00c1VKU Aplikace bezkontaktn\u00ed spojit\u00e9 sn\u00edm\u00e1n\u00ed hladiny kapalin samostatn\u00e1 funkce nebo ve spolupr\u00e1ci s \u0159\u00edd\u00edc\u00ed jednotkou MHU 99, MHU 99-S, MHU 99-C digit\u00e1ln\u00ed zpracov\u00e1n\u00ed sign\u00e1lu s v\u00fdkonn\u00fdm filtrem \u0159\u00edd\u00edc\u00ed j\u00e1dro \u2014\u00a0dvojice mikroprocesor\u016f nastaviteln\u00e9 m\u011b\u0159\u00edc\u00ed okno intern\u00ed digit\u00e1ln\u00ed kompenzace teploty okol\u00ed vysok\u00e9 kryt\u00ed IP\u00a068 Technick\u00e9 \u00fadaje \u0159\u00eddic\u00ed jednotky Typ sondy PU 500 PU 2000 PU 4000 PU 6000 Mont\u00e1\u017en\u00ed v\u00fd\u0161ka 50\u00a0cm<\/p>\n<div class=\"read-more\"><a class=\"more-link\" href=\"https:\/\/www.elabrno.cz\/?page_id=9769\">Read More &#8230;<\/a><\/div>\n","protected":false},"author":1,"featured_media":0,"parent":0,"menu_order":0,"comment_status":"closed","ping_status":"closed","template":"","meta":{"footnotes":""},"class_list":["post-9769","page","type-page","status-publish","hentry"],"_links":{"self":[{"href":"https:\/\/www.elabrno.cz\/index.php?rest_route=\/wp\/v2\/pages\/9769","targetHints":{"allow":["GET"]}}],"collection":[{"href":"https:\/\/www.elabrno.cz\/index.php?rest_route=\/wp\/v2\/pages"}],"about":[{"href":"https:\/\/www.elabrno.cz\/index.php?rest_route=\/wp\/v2\/types\/page"}],"author":[{"embeddable":true,"href":"https:\/\/www.elabrno.cz\/index.php?rest_route=\/wp\/v2\/users\/1"}],"replies":[{"embeddable":true,"href":"https:\/\/www.elabrno.cz\/index.php?rest_route=%2Fwp%2Fv2%2Fcomments&post=9769"}],"version-history":[{"count":1,"href":"https:\/\/www.elabrno.cz\/index.php?rest_route=\/wp\/v2\/pages\/9769\/revisions"}],"predecessor-version":[{"id":9782,"href":"https:\/\/www.elabrno.cz\/index.php?rest_route=\/wp\/v2\/pages\/9769\/revisions\/9782"}],"wp:attachment":[{"href":"https:\/\/www.elabrno.cz\/index.php?rest_route=%2Fwp%2Fv2%2Fmedia&parent=9769"}],"curies":[{"name":"wp","href":"https:\/\/api.w.org\/{rel}","templated":true}]}}