{"id":9637,"date":"2017-10-30T10:56:56","date_gmt":"2017-10-30T10:56:56","guid":{"rendered":"http:\/\/www.elabrno.cz\/?page_id=9637"},"modified":"2025-10-06T11:34:21","modified_gmt":"2025-10-06T11:34:21","slug":"certifikacni-listiny","status":"publish","type":"page","link":"https:\/\/www.elabrno.cz\/?page_id=9637","title":{"rendered":"Certifik\u00e1ty a jin\u00e9 dokumenty"},"content":{"rendered":"\n<div class=\"wp-block-columns is-layout-flex wp-container-core-columns-is-layout-9d6595d7 wp-block-columns-is-layout-flex\">\n<div class=\"wp-block-column is-layout-flow wp-block-column-is-layout-flow\">\n<figure class=\"wp-block-table\"><table><tbody><tr><td>   <img decoding=\"async\" src=\"http:\/\/www.elabrno.cz\/wp-content\/uploads\/2020\/04\/download-certificati.png\" alt=\"Tento obr\u00e1zek nem\u00e1 vypln\u011bn\u00fd atribut alt; n\u00e1zev souboru je download-certificati.png.\" style=\"width: 30px;\">  <strong>Certifik\u00e1ty<\/strong><\/td><\/tr><\/tbody><\/table><\/figure>\n\n\n\n<div class=\"wp-block-file\"><a id=\"wp-block-file--media-cc34ae67-3ef4-4346-8c5d-13317ea10806\" href=\"https:\/\/www.elabrno.cz\/wp-content\/uploads\/2025\/09\/CSN-ISO-9001-2025-007.pdf\" target=\"_blank\" rel=\"noreferrer noopener\">C\u030cSN ISO 9001 2025<\/a><\/div>\n<\/div>\n\n\n\n<div class=\"wp-block-column is-layout-flow wp-block-column-is-layout-flow\">\n<figure class=\"wp-block-table\"><table><tbody><tr><td>  <img decoding=\"async\" src=\"http:\/\/www.elabrno.cz\/wp-content\/uploads\/2020\/09\/image-3.png\" alt=\"Tento obr\u00e1zek nem\u00e1 vypln\u011bn\u00fd atribut alt; n\u00e1zev souboru je image-3.png.\" style=\"width: 30px;\">  <strong>Prohla\u0161en\u00ed o shod\u011b<\/strong><\/td><\/tr><\/tbody><\/table><\/figure>\n\n\n\n<div class=\"wp-block-file\"><a href=\"http:\/\/www.elabrno.cz\/wp-content\/uploads\/2020\/04\/prohlaseni-o-shode-ELA.pdf\" target=\"_blank\" rel=\"noreferrer noopener\">  Magneticko induk\u010dn\u00ed m\u011b\u0159idla &#8211; Prohl\u00e1\u0161en\u00ed o shod\u011b CZ<\/a><\/div>\n\n\n\n<div class=\"wp-block-file\"><a href=\"http:\/\/www.elabrno.cz\/wp-content\/uploads\/2020\/04\/prohlaseni-o-shode-ELA.pdf\" target=\"_blank\" rel=\"noreferrer noopener\">  Ultrazvukov\u00e1 m\u011b\u0159idla &#8211; Prohl\u00e1\u0161en\u00ed o shod\u011b CZ<\/a><\/div>\n<\/div>\n\n\n\n<div class=\"wp-block-column is-layout-flow wp-block-column-is-layout-flow\">\n<figure class=\"wp-block-table\"><table><tbody><tr><td><img decoding=\"async\" src=\"http:\/\/www.elabrno.cz\/wp-content\/uploads\/2020\/09\/image-1.png\" alt=\"Tento obr\u00e1zek nem\u00e1 vypln\u011bn\u00fd atribut alt; n\u00e1zev souboru je image-1.png.\" style=\"width: 30px;\">  <strong>Ostan\u00ed<\/strong><\/td><\/tr><\/tbody><\/table><\/figure>\n\n\n\n<div class=\"wp-block-group\"><div class=\"wp-block-group__inner-container is-layout-flow wp-block-group-is-layout-flow\">\n<div class=\"wp-block-file\"><a href=\"http:\/\/www.elabrno.cz\/wp-content\/uploads\/2022\/06\/Zp\u011btn\u00fd-odb\u011br-vyslou\u017eil\u00fdch-elektroza\u0159\u00edzen\u00ed-a-bateri\u00ed.pdf\" target=\"_blank\" rel=\"noreferrer noopener\">Zp\u011btn\u00fd odb\u011br vyslou\u017eil\u00fdch elektroza\u0159\u00edzen\u00ed a bateri\u00ed<\/a><\/div>\n<\/div><\/div>\n<\/div>\n<\/div>\n\n\n\n<div class=\"wp-block-columns is-layout-flex wp-container-core-columns-is-layout-9d6595d7 wp-block-columns-is-layout-flex\">\n<div class=\"wp-block-column is-layout-flow wp-block-column-is-layout-flow\"><\/div>\n\n\n\n<div class=\"wp-block-column is-layout-flow wp-block-column-is-layout-flow\"><\/div>\n\n\n\n<div class=\"wp-block-column is-layout-flow wp-block-column-is-layout-flow\"><\/div>\n<\/div>\n\n\n\n<p><\/p>\n","protected":false},"excerpt":{"rendered":"<p>Certifik\u00e1ty Prohla\u0161en\u00ed o shod\u011b Ostan\u00ed<\/p>\n","protected":false},"author":1,"featured_media":0,"parent":0,"menu_order":0,"comment_status":"closed","ping_status":"closed","template":"","meta":{"footnotes":""},"class_list":["post-9637","page","type-page","status-publish","hentry"],"_links":{"self":[{"href":"https:\/\/www.elabrno.cz\/index.php?rest_route=\/wp\/v2\/pages\/9637","targetHints":{"allow":["GET"]}}],"collection":[{"href":"https:\/\/www.elabrno.cz\/index.php?rest_route=\/wp\/v2\/pages"}],"about":[{"href":"https:\/\/www.elabrno.cz\/index.php?rest_route=\/wp\/v2\/types\/page"}],"author":[{"embeddable":true,"href":"https:\/\/www.elabrno.cz\/index.php?rest_route=\/wp\/v2\/users\/1"}],"replies":[{"embeddable":true,"href":"https:\/\/www.elabrno.cz\/index.php?rest_route=%2Fwp%2Fv2%2Fcomments&post=9637"}],"version-history":[{"count":5,"href":"https:\/\/www.elabrno.cz\/index.php?rest_route=\/wp\/v2\/pages\/9637\/revisions"}],"predecessor-version":[{"id":26617,"href":"https:\/\/www.elabrno.cz\/index.php?rest_route=\/wp\/v2\/pages\/9637\/revisions\/26617"}],"wp:attachment":[{"href":"https:\/\/www.elabrno.cz\/index.php?rest_route=%2Fwp%2Fv2%2Fmedia&parent=9637"}],"curies":[{"name":"wp","href":"https:\/\/api.w.org\/{rel}","templated":true}]}}