{"id":9623,"date":"2017-10-27T09:06:14","date_gmt":"2017-10-27T09:06:14","guid":{"rendered":"http:\/\/www.elabrno.cz\/?page_id=9623"},"modified":"2018-11-14T14:03:27","modified_gmt":"2018-11-14T14:03:27","slug":"esonic-2","status":"publish","type":"page","link":"https:\/\/www.elabrno.cz\/?page_id=9623","title":{"rendered":"Esonic"},"content":{"rendered":"<div id=\"content\">\n<div id=\"content\">\n<p style=\"text-align: right;\"><a href=\"http:\/\/www.elabrno.cz\/cs\/poptavky\/\" target=\"_blank\" rel=\"noopener\"><strong><span style=\"color: red;\">VYTVO\u0158IT POPT\u00c1VKU<\/span><\/strong><\/a><\/p>\n<hr \/>\n<p><strong>P\u0159ednosti<\/strong><\/p>\n<ul class=\"cleaner\">\n<li>kompaktn\u00ed proveden\u00ed s displejem<\/li>\n<li>ni\u017e\u0161\u00ed cena<\/li>\n<\/ul>\n<p><strong>Oblast pou\u017eit\u00ed<\/strong><\/p>\n<ul class=\"cleaner\">\n<li>vodn\u00ed hospod\u00e1\u0159stv\u00ed<\/li>\n<li>stroj\u00edrenstv\u00ed<\/li>\n<li>energetika<\/li>\n<li>potravin\u00e1\u0159stv\u00ed<\/li>\n<li>zem\u011bd\u011blstv\u00ed<\/li>\n<\/ul>\n<p><strong>Popis funkce<\/strong><\/p>\n<ul>\n<li>spojit\u00e9 m\u011b\u0159en\u00ed hladin kapalin, ka\u0161ovit\u00fdch a sypk\u00fdch hmot v otev\u0159en\u00fdch a uzav\u0159en\u00fdch n\u00e1dr\u017e\u00edch<\/li>\n<li>zobrazen\u00ed v maticov\u00e9m OLED displeji<\/li>\n<li>pokro\u010dil\u00e9 zpracov\u00e1n\u00ed sign\u00e1lu<\/li>\n<li>nastaven\u00ed rozsah\u016f i bez p\u0159\u00edtomnosti m\u00e9dia<\/li>\n<li>potla\u010den\u00ed fale\u0161n\u00fdch odraz\u016f<\/li>\n<li>volba jednotek zobrazen\u00ed<\/li>\n<li>proudov\u00fd v\u00fdstup, HART protokol<\/li>\n<li>mo\u017enost pou\u017eit\u00ed v prost\u0159ed\u00ed s nebezpe\u010d\u00edm v\u00fdbuchu<\/li>\n<\/ul>\n<hr \/>\n<p><strong>P\u0159\u00edklad sestavy \u0159\u00edd\u00edc\u00ed jednotky se sondou<\/strong><\/p>\n<div id='gallery-1' class='gallery galleryid-9623 gallery-columns-9 gallery-size-thumbnail'><dl class='gallery-item'>\n\t\t\t<dt class='gallery-icon landscape'>\n\t\t\t\t<a href='https:\/\/www.elabrno.cz\/?attachment_id=9625'><img loading=\"lazy\" decoding=\"async\" width=\"140\" height=\"135\" src=\"https:\/\/www.elabrno.cz\/wp-content\/uploads\/2017\/10\/esonic-2-140x135.jpg\" class=\"attachment-thumbnail size-thumbnail\" alt=\"\" srcset=\"https:\/\/www.elabrno.cz\/wp-content\/uploads\/2017\/10\/esonic-2-140x135.jpg 140w, https:\/\/www.elabrno.cz\/wp-content\/uploads\/2017\/10\/esonic-2-300x290.jpg 300w, https:\/\/www.elabrno.cz\/wp-content\/uploads\/2017\/10\/esonic-2-768x742.jpg 768w, https:\/\/www.elabrno.cz\/wp-content\/uploads\/2017\/10\/esonic-2-1024x990.jpg 1024w\" sizes=\"auto, (max-width: 140px) 100vw, 140px\" \/><\/a>\n\t\t\t<\/dt><\/dl><dl class='gallery-item'>\n\t\t\t<dt class='gallery-icon landscape'>\n\t\t\t\t<a href='https:\/\/www.elabrno.cz\/?attachment_id=9624'><img loading=\"lazy\" decoding=\"async\" width=\"140\" height=\"123\" src=\"https:\/\/www.elabrno.cz\/wp-content\/uploads\/2017\/10\/esonic-1-140x123.jpg\" class=\"attachment-thumbnail size-thumbnail\" alt=\"\" srcset=\"https:\/\/www.elabrno.cz\/wp-content\/uploads\/2017\/10\/esonic-1-140x123.jpg 140w, https:\/\/www.elabrno.cz\/wp-content\/uploads\/2017\/10\/esonic-1-300x263.jpg 300w, https:\/\/www.elabrno.cz\/wp-content\/uploads\/2017\/10\/esonic-1-768x674.jpg 768w, https:\/\/www.elabrno.cz\/wp-content\/uploads\/2017\/10\/esonic-1-1024x899.jpg 1024w\" sizes=\"auto, (max-width: 140px) 100vw, 140px\" \/><\/a>\n\t\t\t<\/dt><\/dl>\n\t\t\t<br style='clear: both' \/>\n\t\t<\/div>\n\n<\/div>\n<hr \/>\n<p>&nbsp;<\/p>\n<p><strong>Technick\u00e9 \u00fadaje sn\u00edma\u010d\u016f<\/strong><\/p>\n<table>\n<tbody>\n<tr>\n<td>Nap\u00e1jec\u00ed nap\u011bt\u00ed<\/td>\n<td colspan=\"2\">18 &#8211; 36 V DC<\/td>\n<\/tr>\n<tr>\n<td>V\u00fdstup<\/td>\n<td colspan=\"2\">4 &#8211; 20 mA, HART<\/td>\n<\/tr>\n<tr>\n<td>Volba jednotek<\/td>\n<td colspan=\"2\">mm, cm, I,\u00a0m3, mA, %<\/td>\n<\/tr>\n<tr>\n<td>P\u0159esnost (v rozsahu)<\/td>\n<td colspan=\"2\">0,15 %<\/td>\n<\/tr>\n<tr>\n<td>Nastaven\u00ed citlivosti m\u011b\u0159en\u00ed<\/td>\n<td colspan=\"2\">3 hodnoty<\/td>\n<\/tr>\n<tr>\n<td>Rozsah pracovn\u00edch teplot<\/td>\n<td colspan=\"2\">-30\u00b0C a\u017e +70\u00b0C (Esonic 2 a Esonic 6)<\/td>\n<\/tr>\n<tr>\n<td>Rozsah pracovn\u00edch teplot<\/td>\n<td colspan=\"2\">-30\u00b0C a\u017e +60\u00b0C (Esonic 10 a Esonic 20)<\/td>\n<\/tr>\n<tr>\n<td>Kryt\u00ed sn\u00edma\u010de<\/td>\n<td colspan=\"2\">Standard IP 67 \/ NEMA 5<\/td>\n<\/tr>\n<\/tbody>\n<\/table>\n<table>\n<tbody>\n<tr>\n<th align=\"left\">Typ<\/th>\n<th>Esonic 2<\/th>\n<th>Esonic 6<\/th>\n<th>esonic 10<\/th>\n<th>esonic 20<\/th>\n<\/tr>\n<tr>\n<td>Rozsah m\u011b\u0159en\u00ed<\/td>\n<td>0,15 &#8211; 2 m<\/td>\n<td>0,25 &#8211; 6 m<\/td>\n<td>0,4 &#8211; 10 m<\/td>\n<td>0,5 &#8211; 20 m<\/td>\n<\/tr>\n<\/tbody>\n<\/table>\n<hr \/>\n<p>&nbsp;<\/p>\n<\/div>\n","protected":false},"excerpt":{"rendered":"<p>VYTVO\u0158IT POPT\u00c1VKU P\u0159ednosti kompaktn\u00ed proveden\u00ed s displejem ni\u017e\u0161\u00ed cena Oblast pou\u017eit\u00ed vodn\u00ed hospod\u00e1\u0159stv\u00ed stroj\u00edrenstv\u00ed energetika potravin\u00e1\u0159stv\u00ed zem\u011bd\u011blstv\u00ed Popis funkce spojit\u00e9 m\u011b\u0159en\u00ed hladin kapalin, ka\u0161ovit\u00fdch a sypk\u00fdch hmot v otev\u0159en\u00fdch a uzav\u0159en\u00fdch n\u00e1dr\u017e\u00edch zobrazen\u00ed v maticov\u00e9m OLED displeji pokro\u010dil\u00e9 zpracov\u00e1n\u00ed sign\u00e1lu nastaven\u00ed rozsah\u016f i bez p\u0159\u00edtomnosti m\u00e9dia potla\u010den\u00ed fale\u0161n\u00fdch odraz\u016f volba jednotek zobrazen\u00ed proudov\u00fd v\u00fdstup, HART protokol mo\u017enost pou\u017eit\u00ed v prost\u0159ed\u00ed<\/p>\n<div class=\"read-more\"><a class=\"more-link\" href=\"https:\/\/www.elabrno.cz\/?page_id=9623\">Read More &#8230;<\/a><\/div>\n","protected":false},"author":1,"featured_media":0,"parent":0,"menu_order":0,"comment_status":"closed","ping_status":"closed","template":"","meta":{"footnotes":""},"class_list":["post-9623","page","type-page","status-publish","hentry"],"_links":{"self":[{"href":"https:\/\/www.elabrno.cz\/index.php?rest_route=\/wp\/v2\/pages\/9623","targetHints":{"allow":["GET"]}}],"collection":[{"href":"https:\/\/www.elabrno.cz\/index.php?rest_route=\/wp\/v2\/pages"}],"about":[{"href":"https:\/\/www.elabrno.cz\/index.php?rest_route=\/wp\/v2\/types\/page"}],"author":[{"embeddable":true,"href":"https:\/\/www.elabrno.cz\/index.php?rest_route=\/wp\/v2\/users\/1"}],"replies":[{"embeddable":true,"href":"https:\/\/www.elabrno.cz\/index.php?rest_route=%2Fwp%2Fv2%2Fcomments&post=9623"}],"version-history":[{"count":1,"href":"https:\/\/www.elabrno.cz\/index.php?rest_route=\/wp\/v2\/pages\/9623\/revisions"}],"predecessor-version":[{"id":9627,"href":"https:\/\/www.elabrno.cz\/index.php?rest_route=\/wp\/v2\/pages\/9623\/revisions\/9627"}],"wp:attachment":[{"href":"https:\/\/www.elabrno.cz\/index.php?rest_route=%2Fwp%2Fv2%2Fmedia&parent=9623"}],"curies":[{"name":"wp","href":"https:\/\/api.w.org\/{rel}","templated":true}]}}