{"id":9562,"date":"2017-10-23T08:53:10","date_gmt":"2017-10-23T08:53:10","guid":{"rendered":"http:\/\/www.elabrno.cz\/?page_id=9562"},"modified":"2017-10-31T11:59:00","modified_gmt":"2017-10-31T11:59:00","slug":"elektrodove-systemy-2","status":"publish","type":"page","link":"https:\/\/www.elabrno.cz\/?page_id=9562","title":{"rendered":"Elektrodov\u00e9 syst\u00e9my"},"content":{"rendered":"<div id=\"content\">\n<div id=\"content\">\n<p style=\"text-align: right;\"><a href=\"http:\/\/www.elabrno.cz\/cs\/poptavky\/\" target=\"_blank\" rel=\"noopener\"><strong><span style=\"color: #01367A;\"> VYTVO\u0158IT POPT\u00c1VKU<\/strong><\/span><\/a><\/p>\n<hr \/>\n<p>Elektronick\u00e9 elektrodov\u00e9 syst\u00e9my slou\u017e\u00ed ke sn\u00edm\u00e1n\u00ed a vyhodnocov\u00e1n\u00ed r\u016fzn\u00fdch \u00farovn\u00ed hladin vodiv\u00fdch kapalin v\u00a0n\u00e1dr\u017e\u00edch.<\/p>\n<div id=\"content\">\n<p><strong>Oblast pou\u017eit\u00ed<\/strong><\/p>\n<\/div>\n<ul class=\"cleaner\">\n<li>vodn\u00ed hospod\u00e1\u0159stv\u00ed<\/li>\n<li>stroj\u00edrenstv\u00ed<\/li>\n<li>energetika<\/li>\n<li>potravin\u00e1\u0159stv\u00ed<\/li>\n<li>zem\u011bd\u011blstv\u00ed<\/li>\n<\/ul>\n<hr \/>\n<p><strong>P\u0159\u00edklad \u0159\u00edd\u00edc\u00ed jednotka elektrodov\u00e9ho syst\u00e9mu<\/strong><\/p>\n<div id='gallery-1' class='gallery galleryid-9562 gallery-columns-9 gallery-size-thumbnail'><dl class='gallery-item'>\n\t\t\t<dt class='gallery-icon landscape'>\n\t\t\t\t<a href='https:\/\/www.elabrno.cz\/?attachment_id=9559'><img loading=\"lazy\" decoding=\"async\" width=\"140\" height=\"98\" src=\"https:\/\/www.elabrno.cz\/wp-content\/uploads\/2015\/07\/1-140x98.jpg\" class=\"attachment-thumbnail size-thumbnail\" alt=\"\" srcset=\"https:\/\/www.elabrno.cz\/wp-content\/uploads\/2015\/07\/1-140x98.jpg 140w, https:\/\/www.elabrno.cz\/wp-content\/uploads\/2015\/07\/1-300x210.jpg 300w, https:\/\/www.elabrno.cz\/wp-content\/uploads\/2015\/07\/1-768x537.jpg 768w, https:\/\/www.elabrno.cz\/wp-content\/uploads\/2015\/07\/1-1024x716.jpg 1024w\" sizes=\"auto, (max-width: 140px) 100vw, 140px\" \/><\/a>\n\t\t\t<\/dt><\/dl><dl class='gallery-item'>\n\t\t\t<dt class='gallery-icon landscape'>\n\t\t\t\t<a href='https:\/\/www.elabrno.cz\/?attachment_id=9568'><img loading=\"lazy\" decoding=\"async\" width=\"140\" height=\"97\" src=\"https:\/\/www.elabrno.cz\/wp-content\/uploads\/2017\/10\/2-1-140x97.jpg\" class=\"attachment-thumbnail size-thumbnail\" alt=\"\" srcset=\"https:\/\/www.elabrno.cz\/wp-content\/uploads\/2017\/10\/2-1-140x97.jpg 140w, https:\/\/www.elabrno.cz\/wp-content\/uploads\/2017\/10\/2-1-300x208.jpg 300w, https:\/\/www.elabrno.cz\/wp-content\/uploads\/2017\/10\/2-1-768x532.jpg 768w, https:\/\/www.elabrno.cz\/wp-content\/uploads\/2017\/10\/2-1-1024x709.jpg 1024w\" sizes=\"auto, (max-width: 140px) 100vw, 140px\" \/><\/a>\n\t\t\t<\/dt><\/dl>\n\t\t\t<br style='clear: both' \/>\n\t\t<\/div>\n\n<hr \/>\n<\/div>\n<p><strong>Typ EL 1<\/strong><\/p>\n<p>Je v\u00fdhodn\u00e9 pou\u017e\u00edt zejm\u00e9na pro signalizaci dosa\u017een\u00ed nastaven\u00fdch \u00farovn\u00ed hladiny kapaliny, pop\u0159. jako vstupn\u00ed \u010dlen navazuj\u00edc\u00edho \u0159\u00edd\u00edc\u00edho syst\u00e9mu, kter\u00fd d\u00e1l tyto sign\u00e1ly zpracov\u00e1v\u00e1 a \u0159\u00edd\u00ed p\u0159\u00edslu\u0161n\u00e9 agreg\u00e1ty. Typ EL 1 neobsahuje pam\u011b\u0165ov\u00fd \u010dlen a ihned pod\u00e1v\u00e1 s\u00a0nastaviteln\u00fdm \u010dasov\u00fdm zpo\u017ed\u011bn\u00edm informaci o zaplaven\u00ed nebo obna\u017een\u00ed nez\u00e1visl\u00fdch elektrod 11, 21.<\/p>\n<p><strong>Typ EL 2<\/strong><\/p>\n<p>Je v\u00fdhodn\u00e9 pou\u017e\u00edt pro p\u0159\u00edm\u00e9 ovl\u00e1d\u00e1n\u00ed agreg\u00e1tu nap\u0159. \u010derpadla se dv\u011bma r\u016fzn\u00fdmi re\u017eimy \u010dinnost\u00ed:<\/p>\n<p>Re\u017eim 1 = od\u010derp\u00e1v\u00e1n\u00ed kapaliny z\u00a0n\u00e1dr\u017ee.<\/p>\n<p>Re\u017eim 2 = \u010derp\u00e1n\u00ed kapaliny do\u00a0n\u00e1dr\u017ee<\/p>\n<hr \/>\n<p id=\"gallery-2\" class=\"gallery galleryid-9157 gallery-columns-5 gallery-size-thumbnail\"><strong>\u00a0Technick\u00e9 \u00fadaje<\/strong><\/p>\n<table>\n<tbody>\n<tr>\n<td>Nap\u00e1jen\u00ed<\/td>\n<td>230V \/ 50Hz<\/td>\n<\/tr>\n<tr>\n<td>P\u0159\u00edkon<\/td>\n<td>1 VA<\/td>\n<\/tr>\n<tr>\n<td>Nap\u011bt\u00ed na elektrod\u00e1ch<\/td>\n<td>12V \/ AC<\/td>\n<\/tr>\n<tr>\n<td>Vstupn\u00ed odpor (kapalina, veden\u00ed)<\/td>\n<td>&lt;100\u00a0k\u2126<\/td>\n<\/tr>\n<tr>\n<td>Max. kapacita veden\u00ed<\/td>\n<td>1nF<\/td>\n<\/tr>\n<tr>\n<td>Kryt\u00ed<\/td>\n<td>IP 65<\/td>\n<\/tr>\n<tr>\n<td>Elektrick\u00e1 ochrana<\/td>\n<td>dvojit\u00e1 izolace<\/td>\n<\/tr>\n<tr>\n<td>Zat\u00ed\u017een\u00ed kontakt\u016f<\/td>\n<td>250V \/ 8A<\/td>\n<\/tr>\n<tr>\n<td>Hmotnost<\/td>\n<td>0,4 kg<\/td>\n<\/tr>\n<tr>\n<td>Teplota prost\u0159ed\u00ed<\/td>\n<td>\u221220\u00a0\u00b0C a\u017e +50\u00a0\u00b0C<\/td>\n<\/tr>\n<tr>\n<td>Rozm\u011bry (v\u00fd\u0161ka \u00d7 \u0161\u00ed\u0159ka \u00d7 hloubka)<\/td>\n<td>150 \u00d7 115 \u00d7 65\u00a0mm<\/td>\n<\/tr>\n<tr>\n<td>Materi\u00e1l p\u0159\u00edstrojov\u00e9 sk\u0159\u00edn\u011b<\/td>\n<td>plast = ABS<\/td>\n<\/tr>\n<tr>\n<td>Kabelov\u00e9 v\u00fdvodky<\/td>\n<td>3\u00a0ks PG\u00a011 (na objedn\u00e1vku + 2x PG 11)<\/td>\n<\/tr>\n<\/tbody>\n<\/table>\n<p class=\"img popisek\"><strong>\u00a0Z\u00e1kladn\u00ed rozm\u011bry<\/strong><\/p>\n<div id='gallery-2' class='gallery galleryid-9562 gallery-columns-6 gallery-size-thumbnail'><dl class='gallery-item'>\n\t\t\t<dt class='gallery-icon portrait'>\n\t\t\t\t<a href='https:\/\/www.elabrno.cz\/?attachment_id=9564'><img loading=\"lazy\" decoding=\"async\" width=\"82\" height=\"140\" src=\"https:\/\/www.elabrno.cz\/wp-content\/uploads\/2017\/10\/vykres-82x140.jpg\" class=\"attachment-thumbnail size-thumbnail\" alt=\"\" srcset=\"https:\/\/www.elabrno.cz\/wp-content\/uploads\/2017\/10\/vykres-82x140.jpg 82w, https:\/\/www.elabrno.cz\/wp-content\/uploads\/2017\/10\/vykres-175x300.jpg 175w, https:\/\/www.elabrno.cz\/wp-content\/uploads\/2017\/10\/vykres.jpg 347w\" sizes=\"auto, (max-width: 82px) 100vw, 82px\" \/><\/a>\n\t\t\t<\/dt><\/dl>\n\t\t\t<br style='clear: both' \/>\n\t\t<\/div>\n\n<hr \/>\n<p>&nbsp;<\/p>\n","protected":false},"excerpt":{"rendered":"<p>VYTVO\u0158IT POPT\u00c1VKU Elektronick\u00e9 elektrodov\u00e9 syst\u00e9my slou\u017e\u00ed ke sn\u00edm\u00e1n\u00ed a vyhodnocov\u00e1n\u00ed r\u016fzn\u00fdch \u00farovn\u00ed hladin vodiv\u00fdch kapalin v\u00a0n\u00e1dr\u017e\u00edch. Oblast pou\u017eit\u00ed vodn\u00ed hospod\u00e1\u0159stv\u00ed stroj\u00edrenstv\u00ed energetika potravin\u00e1\u0159stv\u00ed zem\u011bd\u011blstv\u00ed P\u0159\u00edklad \u0159\u00edd\u00edc\u00ed jednotka elektrodov\u00e9ho syst\u00e9mu Typ EL 1 Je v\u00fdhodn\u00e9 pou\u017e\u00edt zejm\u00e9na pro signalizaci dosa\u017een\u00ed nastaven\u00fdch \u00farovn\u00ed hladiny kapaliny, pop\u0159. jako vstupn\u00ed \u010dlen navazuj\u00edc\u00edho \u0159\u00edd\u00edc\u00edho syst\u00e9mu, kter\u00fd d\u00e1l tyto sign\u00e1ly zpracov\u00e1v\u00e1 a \u0159\u00edd\u00ed p\u0159\u00edslu\u0161n\u00e9 agreg\u00e1ty. Typ<\/p>\n<div class=\"read-more\"><a class=\"more-link\" href=\"https:\/\/www.elabrno.cz\/?page_id=9562\">Read More &#8230;<\/a><\/div>\n","protected":false},"author":1,"featured_media":0,"parent":0,"menu_order":0,"comment_status":"closed","ping_status":"closed","template":"","meta":{"footnotes":""},"class_list":["post-9562","page","type-page","status-publish","hentry"],"_links":{"self":[{"href":"https:\/\/www.elabrno.cz\/index.php?rest_route=\/wp\/v2\/pages\/9562","targetHints":{"allow":["GET"]}}],"collection":[{"href":"https:\/\/www.elabrno.cz\/index.php?rest_route=\/wp\/v2\/pages"}],"about":[{"href":"https:\/\/www.elabrno.cz\/index.php?rest_route=\/wp\/v2\/types\/page"}],"author":[{"embeddable":true,"href":"https:\/\/www.elabrno.cz\/index.php?rest_route=\/wp\/v2\/users\/1"}],"replies":[{"embeddable":true,"href":"https:\/\/www.elabrno.cz\/index.php?rest_route=%2Fwp%2Fv2%2Fcomments&post=9562"}],"version-history":[{"count":1,"href":"https:\/\/www.elabrno.cz\/index.php?rest_route=\/wp\/v2\/pages\/9562\/revisions"}],"predecessor-version":[{"id":9565,"href":"https:\/\/www.elabrno.cz\/index.php?rest_route=\/wp\/v2\/pages\/9562\/revisions\/9565"}],"wp:attachment":[{"href":"https:\/\/www.elabrno.cz\/index.php?rest_route=%2Fwp%2Fv2%2Fmedia&parent=9562"}],"curies":[{"name":"wp","href":"https:\/\/api.w.org\/{rel}","templated":true}]}}