{"id":9488,"date":"2017-10-09T10:42:38","date_gmt":"2017-10-09T10:42:38","guid":{"rendered":"http:\/\/www.elabrno.cz\/?page_id=9488"},"modified":"2019-10-21T09:35:02","modified_gmt":"2019-10-21T09:35:02","slug":"mqu-99","status":"publish","type":"page","link":"https:\/\/www.elabrno.cz\/?page_id=9488","title":{"rendered":"MQU 99 &#8211; SMART"},"content":{"rendered":"<div id=\"content\">\n<div id=\"content\">\n<p style=\"text-align: right;\"><a href=\"http:\/\/www.elabrno.cz\/cs\/poptavky\/\" target=\"_blank\" rel=\"noopener\"><strong><span style=\"color: #01367a;\"> VYTVO\u0158IT POPT\u00c1VKU<\/span><\/strong><\/a><\/p>\n<hr \/>\n<p><strong>P\u0159ednosti<\/strong><\/p>\n<ul class=\"cleaner\">\n<li>v\u00fdkonn\u00e1 \u0159\u00edd\u00edc\u00ed jednotka pro mnoho aplikac\u00ed<\/li>\n<li>plastov\u00fd (ni\u017e\u0161\u00ed cena) kryt \u0159\u00edd\u00edc\u00ed jednotky, odoln\u00fd kryt sn\u00edma\u010de<\/li>\n<\/ul>\n<p><strong>Oblast pou\u017eit\u00ed<\/strong><\/p>\n<ul class=\"cleaner\">\n<li>vodn\u00ed hospod\u00e1\u0159stv\u00ed<\/li>\n<li>stroj\u00edrenstv\u00ed<\/li>\n<li>energetika<\/li>\n<li>potravin\u00e1\u0159stv\u00ed<\/li>\n<li>zem\u011bd\u011blstv\u00ed<\/li>\n<\/ul>\n<hr \/>\n<p><strong>P\u0159\u00edklad sestavy \u0159\u00edd\u00edc\u00ed jednotky a odd\u011blen\u00fd 1 nebo 2 sn\u00edma\u010de s \u00fachytem ELA<\/strong><\/p>\n<div id='gallery-1' class='gallery galleryid-9488 gallery-columns-9 gallery-size-thumbnail'><dl class='gallery-item'>\n\t\t\t<dt class='gallery-icon landscape'>\n\t\t\t\t<a href='https:\/\/www.elabrno.cz\/?attachment_id=9522'><img loading=\"lazy\" decoding=\"async\" width=\"140\" height=\"140\" src=\"https:\/\/www.elabrno.cz\/wp-content\/uploads\/2017\/10\/3-1-140x140.jpg\" class=\"attachment-thumbnail size-thumbnail\" alt=\"\" srcset=\"https:\/\/www.elabrno.cz\/wp-content\/uploads\/2017\/10\/3-1-140x140.jpg 140w, https:\/\/www.elabrno.cz\/wp-content\/uploads\/2017\/10\/3-1-300x300.jpg 300w, https:\/\/www.elabrno.cz\/wp-content\/uploads\/2017\/10\/3-1-768x768.jpg 768w, https:\/\/www.elabrno.cz\/wp-content\/uploads\/2017\/10\/3-1-1024x1024.jpg 1024w\" sizes=\"auto, (max-width: 140px) 100vw, 140px\" \/><\/a>\n\t\t\t<\/dt><\/dl><dl class='gallery-item'>\n\t\t\t<dt class='gallery-icon landscape'>\n\t\t\t\t<a href='https:\/\/www.elabrno.cz\/?attachment_id=9527'><img loading=\"lazy\" decoding=\"async\" width=\"140\" height=\"140\" src=\"https:\/\/www.elabrno.cz\/wp-content\/uploads\/2017\/10\/8-140x140.jpg\" class=\"attachment-thumbnail size-thumbnail\" alt=\"\" srcset=\"https:\/\/www.elabrno.cz\/wp-content\/uploads\/2017\/10\/8-140x140.jpg 140w, https:\/\/www.elabrno.cz\/wp-content\/uploads\/2017\/10\/8-300x300.jpg 300w, https:\/\/www.elabrno.cz\/wp-content\/uploads\/2017\/10\/8-768x768.jpg 768w, https:\/\/www.elabrno.cz\/wp-content\/uploads\/2017\/10\/8-1024x1024.jpg 1024w\" sizes=\"auto, (max-width: 140px) 100vw, 140px\" \/><\/a>\n\t\t\t<\/dt><\/dl><dl class='gallery-item'>\n\t\t\t<dt class='gallery-icon landscape'>\n\t\t\t\t<a href='https:\/\/www.elabrno.cz\/?attachment_id=9490'><img loading=\"lazy\" decoding=\"async\" width=\"140\" height=\"129\" src=\"https:\/\/www.elabrno.cz\/wp-content\/uploads\/2017\/10\/59_250-140x129.jpg\" class=\"attachment-thumbnail size-thumbnail\" alt=\"\" srcset=\"https:\/\/www.elabrno.cz\/wp-content\/uploads\/2017\/10\/59_250-140x129.jpg 140w, https:\/\/www.elabrno.cz\/wp-content\/uploads\/2017\/10\/59_250.jpg 250w\" sizes=\"auto, (max-width: 140px) 100vw, 140px\" \/><\/a>\n\t\t\t<\/dt><\/dl>\n\t\t\t<br style='clear: both' \/>\n\t\t<\/div>\n\n<\/div>\n<p><strong>Praktick\u00e1 mont\u00e1\u017e<\/strong><\/p>\n<div id='gallery-2' class='gallery galleryid-9488 gallery-columns-5 gallery-size-thumbnail'><dl class='gallery-item'>\n\t\t\t<dt class='gallery-icon landscape'>\n\t\t\t\t<a href='https:\/\/www.elabrno.cz\/?attachment_id=9301'><img loading=\"lazy\" decoding=\"async\" width=\"140\" height=\"105\" src=\"https:\/\/www.elabrno.cz\/wp-content\/uploads\/2015\/09\/Krupka-\u0158J-140x105.jpg\" class=\"attachment-thumbnail size-thumbnail\" alt=\"\" srcset=\"https:\/\/www.elabrno.cz\/wp-content\/uploads\/2015\/09\/Krupka-\u0158J-140x105.jpg 140w, https:\/\/www.elabrno.cz\/wp-content\/uploads\/2015\/09\/Krupka-\u0158J-300x225.jpg 300w, https:\/\/www.elabrno.cz\/wp-content\/uploads\/2015\/09\/Krupka-\u0158J.jpg 640w\" sizes=\"auto, (max-width: 140px) 100vw, 140px\" \/><\/a>\n\t\t\t<\/dt><\/dl><dl class='gallery-item'>\n\t\t\t<dt class='gallery-icon landscape'>\n\t\t\t\t<a href='https:\/\/www.elabrno.cz\/?attachment_id=9589'><img loading=\"lazy\" decoding=\"async\" width=\"140\" height=\"105\" src=\"https:\/\/www.elabrno.cz\/wp-content\/uploads\/2017\/10\/25102011305-140x105.jpg\" class=\"attachment-thumbnail size-thumbnail\" alt=\"\" srcset=\"https:\/\/www.elabrno.cz\/wp-content\/uploads\/2017\/10\/25102011305-140x105.jpg 140w, https:\/\/www.elabrno.cz\/wp-content\/uploads\/2017\/10\/25102011305-300x225.jpg 300w, https:\/\/www.elabrno.cz\/wp-content\/uploads\/2017\/10\/25102011305-768x576.jpg 768w, https:\/\/www.elabrno.cz\/wp-content\/uploads\/2017\/10\/25102011305-1024x768.jpg 1024w, https:\/\/www.elabrno.cz\/wp-content\/uploads\/2017\/10\/25102011305.jpg 2048w\" sizes=\"auto, (max-width: 140px) 100vw, 140px\" \/><\/a>\n\t\t\t<\/dt><\/dl><dl class='gallery-item'>\n\t\t\t<dt class='gallery-icon landscape'>\n\t\t\t\t<a href='https:\/\/www.elabrno.cz\/?attachment_id=9260'><img loading=\"lazy\" decoding=\"async\" width=\"140\" height=\"105\" src=\"https:\/\/www.elabrno.cz\/wp-content\/uploads\/2015\/09\/Babice_\u010cOV_T\u0159eb\u00ed\u010d-140x105.jpg\" class=\"attachment-thumbnail size-thumbnail\" alt=\"\" srcset=\"https:\/\/www.elabrno.cz\/wp-content\/uploads\/2015\/09\/Babice_\u010cOV_T\u0159eb\u00ed\u010d-140x105.jpg 140w, https:\/\/www.elabrno.cz\/wp-content\/uploads\/2015\/09\/Babice_\u010cOV_T\u0159eb\u00ed\u010d-300x225.jpg 300w, https:\/\/www.elabrno.cz\/wp-content\/uploads\/2015\/09\/Babice_\u010cOV_T\u0159eb\u00ed\u010d.jpg 640w\" sizes=\"auto, (max-width: 140px) 100vw, 140px\" \/><\/a>\n\t\t\t<\/dt><\/dl><dl class='gallery-item'>\n\t\t\t<dt class='gallery-icon landscape'>\n\t\t\t\t<a href='https:\/\/www.elabrno.cz\/?attachment_id=9262'><img loading=\"lazy\" decoding=\"async\" width=\"140\" height=\"112\" src=\"https:\/\/www.elabrno.cz\/wp-content\/uploads\/2015\/09\/B\u0159eclav_\u010cOV-140x112.jpg\" class=\"attachment-thumbnail size-thumbnail\" alt=\"\" srcset=\"https:\/\/www.elabrno.cz\/wp-content\/uploads\/2015\/09\/B\u0159eclav_\u010cOV-140x112.jpg 140w, https:\/\/www.elabrno.cz\/wp-content\/uploads\/2015\/09\/B\u0159eclav_\u010cOV-300x240.jpg 300w, https:\/\/www.elabrno.cz\/wp-content\/uploads\/2015\/09\/B\u0159eclav_\u010cOV-1024x819.jpg 1024w, https:\/\/www.elabrno.cz\/wp-content\/uploads\/2015\/09\/B\u0159eclav_\u010cOV-600x480.jpg 600w, https:\/\/www.elabrno.cz\/wp-content\/uploads\/2015\/09\/B\u0159eclav_\u010cOV.jpg 1280w\" sizes=\"auto, (max-width: 140px) 100vw, 140px\" \/><\/a>\n\t\t\t<\/dt><\/dl>\n\t\t\t<br style='clear: both' \/>\n\t\t<\/div>\n\n<hr \/>\n<p class=\"cleaner\"><strong>Technick\u00e9 \u00fadaje \u0159\u00edd\u00edc\u00ed jednotky<\/strong><\/p>\n<table>\n<tbody>\n<tr>\n<th><\/th>\n<th>MQU 99<\/th>\n<th>2MQU 99<\/th>\n<\/tr>\n<tr>\n<td>Vstup<\/td>\n<td>1\u00d7 ultrazvukov\u00e1 sonda<\/td>\n<td>2\u00d7 ultrazvukov\u00e1 sonda<\/td>\n<\/tr>\n<tr>\n<td>P\u0159esnost m\u011b\u0159en\u00ed<\/td>\n<td colspan=\"2\">0,3\u00a0% z\u00a0 rozsahu p\u0159i 10 \u00f7 100\u00a0% Qmax<\/td>\n<\/tr>\n<tr>\n<td>Filtrace m\u011b\u0159en\u00ed<\/td>\n<td colspan=\"2\">digit\u00e1ln\u00ed, nastaviteln\u00e1 ve v\u00edce re\u017eimech<\/td>\n<\/tr>\n<tr>\n<td>Potla\u010den\u00ed mal\u00fdch pr\u016ftok\u016f<\/td>\n<td colspan=\"2\">nastaviteln\u00e9 po 0,1\u00a0%<\/td>\n<\/tr>\n<tr>\n<td>Z\u00e1znam \u00fadaj\u016f<\/td>\n<td colspan=\"2\">archivace protekl\u00e9ho mno\u017estv\u00ed i\u00a0p\u0159i v\u00fdpadk\u016f nap\u00e1jen\u00ed<\/td>\n<\/tr>\n<tr>\n<td>Statistika<\/td>\n<td colspan=\"2\">5 minutov\u00e9 \u2014\u00a0hodinov\u00e9 \u2014\u00a0denn\u00ed \u2014\u00a0m\u011bs\u00ed\u010dn\u00ed po dobu 2 m\u011bs\u00edc\u016f<\/td>\n<\/tr>\n<tr>\n<td>Re\u00e1ln\u00fd \u010das<\/td>\n<td colspan=\"2\">hodiny s kalend\u00e1\u0159em v\u010detn\u011b p\u0159estupn\u00fdch rok\u016f do r. 2099<\/td>\n<\/tr>\n<tr>\n<td>Provozn\u00ed hodiny<\/td>\n<td colspan=\"2\">ano (ve vazb\u011b na funk\u010dnost sondy)<\/td>\n<\/tr>\n<tr>\n<td>Zobrazen\u00ed veli\u010din<\/td>\n<td colspan=\"2\">alfanumerick\u00fd displej LCD, 2 \u00d7 16 znak\u016f s\u00a0prosv\u011btlen\u00edm<\/td>\n<\/tr>\n<tr>\n<td>Ovl\u00e1d\u00e1n\u00ed<\/td>\n<td colspan=\"2\">kl\u00e1vesnice se \u010dty\u0159mi tla\u010d\u00edtky<\/td>\n<\/tr>\n<tr>\n<td>Programovateln\u00e9 funkce<\/td>\n<td colspan=\"2\">zad\u00e1n\u00ed p\u0159epo\u010dtov\u00e9 k\u0159ivky formou vzorce, z\u00e1top spodn\u00edho hrdla \u017elabu, kompar\u00e1tory, porucha sondy atd.<\/td>\n<\/tr>\n<tr>\n<td>Analogov\u00fd v\u00fdstup (aktivn\u00ed)<\/td>\n<td colspan=\"2\">galvanicky odd\u011blen\u00fd 4(0) \u00f7 20\u00a0mA, (0 \u00f7 30\u00a0mA) \/ 300 Ohm\u016f<\/td>\n<\/tr>\n<tr>\n<td>Impulsn\u00ed v\u00fdstup (1\u00d7 rel\u00e9)<\/td>\n<td colspan=\"2\">protekl\u00e9 mno\u017estv\u00ed (x\u00b7m\u00b3) na impuls<\/td>\n<\/tr>\n<tr>\n<td>Bin\u00e1rn\u00ed v\u00fdstup (3\u00d7 rel\u00e9)<\/td>\n<td colspan=\"2\">na objedn\u00e1vku (bezinduk\u010dn\u00ed z\u00e1t\u011b\u017e 30\u00a0V\/2\u00a0A\/DC^125\u00a0V\/0,5\u00a0A\/AC<\/td>\n<\/tr>\n<tr>\n<td>Komunika\u010dn\u00ed v\u00fdstup (datov\u00fd)<\/td>\n<td colspan=\"2\">na objedn\u00e1vku RS 232 C \/ RS 485, voliteln\u00e1 rychlost, protokol ELA<\/td>\n<\/tr>\n<tr>\n<td>Nap\u00e1jen\u00ed<\/td>\n<td colspan=\"2\">85 &#8211; 260 VAC 50\/60 Hz, 24 VDC, na objedn\u00e1vku 9 &#8211; 36 VDC +10 %\/-15%, 10 VA<\/td>\n<\/tr>\n<tr>\n<td>Kryt\u00ed<\/td>\n<td colspan=\"2\">IP\u00a065 (NEMA 3)<\/td>\n<\/tr>\n<tr>\n<td>Teplota prost\u0159ed\u00ed<\/td>\n<td colspan=\"2\">\u221220\u00a0\u00b0C a\u017e +50\u00a0\u00b0C<\/td>\n<\/tr>\n<tr>\n<td>Rozm\u011bry (v\u00fd\u0161ka \u00d7 \u0161\u00ed\u0159ka \u00d7 hloubka)<\/td>\n<td colspan=\"2\">210 \u00d7 160 \u00d7 115\u00a0mm<\/td>\n<\/tr>\n<tr>\n<td>Materi\u00e1l p\u0159\u00edstrojov\u00e9 sk\u0159\u00edn\u011b<\/td>\n<td colspan=\"2\">plast = ABS<\/td>\n<\/tr>\n<tr>\n<td>Hmotnost<\/td>\n<td colspan=\"2\">2,0\u00a0kg<\/td>\n<\/tr>\n<tr>\n<td>Kabelov\u00e9 v\u00fdvodky<\/td>\n<td colspan=\"2\">3\u00a0ks PG\u00a011 (na objedn\u00e1vku + 2x PG 11)<\/td>\n<\/tr>\n<\/tbody>\n<\/table>\n<div class=\"img popisek\">\n<p class=\"img popisek\"><strong>\u00a0Z\u00e1kladn\u00ed rozm\u011bry<\/strong><\/p>\n<\/div>\n<div id='gallery-3' class='gallery galleryid-9488 gallery-columns-5 gallery-size-thumbnail'><dl class='gallery-item'>\n\t\t\t<dt class='gallery-icon landscape'>\n\t\t\t\t<a href='https:\/\/www.elabrno.cz\/?attachment_id=9438'><img loading=\"lazy\" decoding=\"async\" width=\"140\" height=\"104\" src=\"https:\/\/www.elabrno.cz\/wp-content\/uploads\/2017\/10\/rozm\u011bry-140x104.jpg\" class=\"attachment-thumbnail size-thumbnail\" alt=\"\" srcset=\"https:\/\/www.elabrno.cz\/wp-content\/uploads\/2017\/10\/rozm\u011bry-140x104.jpg 140w, https:\/\/www.elabrno.cz\/wp-content\/uploads\/2017\/10\/rozm\u011bry-300x222.jpg 300w, https:\/\/www.elabrno.cz\/wp-content\/uploads\/2017\/10\/rozm\u011bry.jpg 663w\" sizes=\"auto, (max-width: 140px) 100vw, 140px\" \/><\/a>\n\t\t\t<\/dt><\/dl><dl class='gallery-item'>\n\t\t\t<dt class='gallery-icon landscape'>\n\t\t\t\t<a href='https:\/\/www.elabrno.cz\/?attachment_id=9459'><img loading=\"lazy\" decoding=\"async\" width=\"140\" height=\"136\" src=\"https:\/\/www.elabrno.cz\/wp-content\/uploads\/2015\/07\/61_663-1-140x136.jpg\" class=\"attachment-thumbnail size-thumbnail\" alt=\"\" srcset=\"https:\/\/www.elabrno.cz\/wp-content\/uploads\/2015\/07\/61_663-1-140x136.jpg 140w, https:\/\/www.elabrno.cz\/wp-content\/uploads\/2015\/07\/61_663-1-300x292.jpg 300w, https:\/\/www.elabrno.cz\/wp-content\/uploads\/2015\/07\/61_663-1.jpg 663w\" sizes=\"auto, (max-width: 140px) 100vw, 140px\" \/><\/a>\n\t\t\t<\/dt><\/dl>\n\t\t\t<br style='clear: both' \/>\n\t\t<\/div>\n\n<hr \/>\n<p class=\"cleaner\"><strong>Technick\u00e9 \u00fadaje sn\u00edma\u010d\u016f<\/strong><\/p>\n<table>\n<tbody>\n<tr>\n<th align=\"left\">Typ sondy<\/th>\n<th>DU 500<\/th>\n<th>DU 2000<\/th>\n<th>DU 4000<\/th>\n<th>DU 6000<\/th>\n<\/tr>\n<tr>\n<td>Mont\u00e1\u017en\u00ed v\u00fd\u0161ka<\/td>\n<td>50\u00a0cm<\/td>\n<td>200\u00a0cm<\/td>\n<td>400\u00a0cm<\/td>\n<td>600\u00a0cm<\/td>\n<\/tr>\n<tr>\n<td>Rozsah m\u011b\u0159en\u00ed<\/td>\n<td>0\u201440\u00a0cm<\/td>\n<td>0\u2014180\u00a0cm<\/td>\n<td>0\u2014350\u00a0cm<\/td>\n<td>0\u2014520\u00a0cm<\/td>\n<\/tr>\n<tr>\n<td>\u00darove\u0148 rozli\u0161en\u00ed<\/td>\n<td colspan=\"4\">0,02\u00a0cm<\/td>\n<\/tr>\n<tr>\n<td>P\u0159esnost m\u011b\u0159en\u00ed<\/td>\n<td colspan=\"4\">0,4\u00a0% z\u00a0rozsahu<\/td>\n<\/tr>\n<tr>\n<td>Linearita<\/td>\n<td colspan=\"4\">\u00b10,2 cm<\/td>\n<\/tr>\n<tr>\n<td>Vyza\u0159ovac\u00ed \u00fahel<\/td>\n<td colspan=\"4\">10\u00b0<\/td>\n<\/tr>\n<tr>\n<td>Pracovn\u00ed teplota<\/td>\n<td colspan=\"4\">\u221220 \u00b0C a\u017e +50 \u00b0C<\/td>\n<\/tr>\n<tr>\n<td>Skladovac\u00ed teplota<\/td>\n<td colspan=\"4\">\u221240 \u00b0C a\u017e +85 \u00b0C<\/td>\n<\/tr>\n<tr>\n<td>Nap\u00e1jen\u00ed<\/td>\n<td colspan=\"4\">12\u201425 VDC\/100\u00a0mA<\/td>\n<\/tr>\n<tr>\n<td>Kryt\u00ed<\/td>\n<td colspan=\"4\">IP\u00a068 (NEMA\u00a06)<\/td>\n<\/tr>\n<tr>\n<td>Rozm\u011bry (v\u00fd\u0161ka \u00d7 \u0161\u00ed\u0159ka \u00d7 hloubka)<\/td>\n<td colspan=\"4\">\u220574 \u00d7 &#8211; \u00d7 152\u00a0mm<\/td>\n<\/tr>\n<tr>\n<td>Hmotnost<\/td>\n<td colspan=\"4\">1,2\u00a0kg<\/td>\n<\/tr>\n<tr>\n<td>Propojovac\u00ed kabel<\/td>\n<td colspan=\"4\">4\u00a0\u00d7\u00a01\u00a0mm2 CU, pevn\u011b veden\u00fd ze sondy v\u00a0d\u00e9lce 4\u00a0m<\/td>\n<\/tr>\n<tr>\n<td>Upevn\u011bn\u00ed<\/td>\n<td colspan=\"4\">konzole ELA<\/td>\n<\/tr>\n<\/tbody>\n<\/table>\n<div class=\"img popisek\">\n<p class=\"img popisek\"><strong>Z\u00e1kladn\u00ed rozm\u011bry<\/strong><\/p>\n<div id='gallery-4' class='gallery galleryid-9488 gallery-columns-7 gallery-size-thumbnail'><dl class='gallery-item'>\n\t\t\t<dt class='gallery-icon portrait'>\n\t\t\t\t<a href='https:\/\/www.elabrno.cz\/?attachment_id=9493'><img loading=\"lazy\" decoding=\"async\" width=\"99\" height=\"140\" src=\"https:\/\/www.elabrno.cz\/wp-content\/uploads\/2017\/10\/131_663-99x140.jpg\" class=\"attachment-thumbnail size-thumbnail\" alt=\"\" srcset=\"https:\/\/www.elabrno.cz\/wp-content\/uploads\/2017\/10\/131_663-99x140.jpg 99w, https:\/\/www.elabrno.cz\/wp-content\/uploads\/2017\/10\/131_663-212x300.jpg 212w, https:\/\/www.elabrno.cz\/wp-content\/uploads\/2017\/10\/131_663.jpg 663w\" sizes=\"auto, (max-width: 99px) 100vw, 99px\" \/><\/a>\n\t\t\t<\/dt><\/dl><dl class='gallery-item'>\n\t\t\t<dt class='gallery-icon landscape'>\n\t\t\t\t<a href='https:\/\/www.elabrno.cz\/?attachment_id=9492'><img loading=\"lazy\" decoding=\"async\" width=\"140\" height=\"138\" src=\"https:\/\/www.elabrno.cz\/wp-content\/uploads\/2017\/10\/129_663-140x138.jpg\" class=\"attachment-thumbnail size-thumbnail\" alt=\"\" srcset=\"https:\/\/www.elabrno.cz\/wp-content\/uploads\/2017\/10\/129_663-140x138.jpg 140w, https:\/\/www.elabrno.cz\/wp-content\/uploads\/2017\/10\/129_663-300x295.jpg 300w, https:\/\/www.elabrno.cz\/wp-content\/uploads\/2017\/10\/129_663.jpg 663w\" sizes=\"auto, (max-width: 140px) 100vw, 140px\" \/><\/a>\n\t\t\t<\/dt><\/dl>\n\t\t\t<br style='clear: both' \/>\n\t\t<\/div>\n\n<\/div>\n<hr class=\"cleaner\" \/>\n<\/div>\n","protected":false},"excerpt":{"rendered":"<p>VYTVO\u0158IT POPT\u00c1VKU P\u0159ednosti v\u00fdkonn\u00e1 \u0159\u00edd\u00edc\u00ed jednotka pro mnoho aplikac\u00ed plastov\u00fd (ni\u017e\u0161\u00ed cena) kryt \u0159\u00edd\u00edc\u00ed jednotky, odoln\u00fd kryt sn\u00edma\u010de Oblast pou\u017eit\u00ed vodn\u00ed hospod\u00e1\u0159stv\u00ed stroj\u00edrenstv\u00ed energetika potravin\u00e1\u0159stv\u00ed zem\u011bd\u011blstv\u00ed P\u0159\u00edklad sestavy \u0159\u00edd\u00edc\u00ed jednotky a odd\u011blen\u00fd 1 nebo 2 sn\u00edma\u010de s \u00fachytem ELA Praktick\u00e1 mont\u00e1\u017e Technick\u00e9 \u00fadaje \u0159\u00edd\u00edc\u00ed jednotky MQU 99 2MQU 99 Vstup 1\u00d7 ultrazvukov\u00e1 sonda 2\u00d7 ultrazvukov\u00e1 sonda P\u0159esnost m\u011b\u0159en\u00ed 0,3\u00a0% z\u00a0<\/p>\n<div class=\"read-more\"><a class=\"more-link\" href=\"https:\/\/www.elabrno.cz\/?page_id=9488\">Read More &#8230;<\/a><\/div>\n","protected":false},"author":1,"featured_media":0,"parent":0,"menu_order":0,"comment_status":"closed","ping_status":"closed","template":"","meta":{"footnotes":""},"class_list":["post-9488","page","type-page","status-publish","hentry"],"_links":{"self":[{"href":"https:\/\/www.elabrno.cz\/index.php?rest_route=\/wp\/v2\/pages\/9488","targetHints":{"allow":["GET"]}}],"collection":[{"href":"https:\/\/www.elabrno.cz\/index.php?rest_route=\/wp\/v2\/pages"}],"about":[{"href":"https:\/\/www.elabrno.cz\/index.php?rest_route=\/wp\/v2\/types\/page"}],"author":[{"embeddable":true,"href":"https:\/\/www.elabrno.cz\/index.php?rest_route=\/wp\/v2\/users\/1"}],"replies":[{"embeddable":true,"href":"https:\/\/www.elabrno.cz\/index.php?rest_route=%2Fwp%2Fv2%2Fcomments&post=9488"}],"version-history":[{"count":1,"href":"https:\/\/www.elabrno.cz\/index.php?rest_route=\/wp\/v2\/pages\/9488\/revisions"}],"predecessor-version":[{"id":9585,"href":"https:\/\/www.elabrno.cz\/index.php?rest_route=\/wp\/v2\/pages\/9488\/revisions\/9585"}],"wp:attachment":[{"href":"https:\/\/www.elabrno.cz\/index.php?rest_route=%2Fwp%2Fv2%2Fmedia&parent=9488"}],"curies":[{"name":"wp","href":"https:\/\/api.w.org\/{rel}","templated":true}]}}