{"id":9252,"date":"2015-09-11T13:03:12","date_gmt":"2015-09-11T13:03:12","guid":{"rendered":"http:\/\/www.elabrno.cz\/?page_id=9252"},"modified":"2021-03-10T09:12:45","modified_gmt":"2021-03-10T09:12:45","slug":"katalogove-listy","status":"publish","type":"page","link":"https:\/\/www.elabrno.cz\/?page_id=9252","title":{"rendered":"Katalogov\u00e9 listy"},"content":{"rendered":"\n<div class=\"wp-block-columns is-layout-flex wp-container-core-columns-is-layout-9d6595d7 wp-block-columns-is-layout-flex\">\n<div class=\"wp-block-column is-layout-flow wp-block-column-is-layout-flow\">\n<figure class=\"wp-block-table\"><table><tbody><tr><td><img decoding=\"async\" src=\"http:\/\/www.elabrno.cz\/wp-content\/uploads\/2020\/04\/MISURATORI-DI-PORTATA.png\" style=\"width: 30px;\">  <strong>Magneticko induk\u010dn\u00ed pr\u016ftokom\u011bry<\/strong><\/td><\/tr><\/tbody><\/table><\/figure>\n\n\n\n<div class=\"wp-block-file\"><a href=\"http:\/\/www.elabrno.cz\/wp-content\/uploads\/2020\/04\/Prospekt-MI-CZ.pdf\" target=\"_blank\" rel=\"noreferrer noopener\">  MI &#8211; katalogov\u00fd list CZ<\/a><\/div>\n\n\n\n<div class=\"wp-block-file\"><a href=\"http:\/\/www.elabrno.cz\/wp-content\/uploads\/2020\/04\/Prospekt-MIA-CZ.pdf\" target=\"_blank\" rel=\"noreferrer noopener\">  MIA &#8211; katalogov\u00fd list CZ<\/a><\/div>\n\n\n\n<div class=\"wp-block-file\"><a href=\"http:\/\/www.elabrno.cz\/wp-content\/uploads\/2020\/04\/Prospekt-MIE-CZ.pdf\" target=\"_blank\" rel=\"noreferrer noopener\">  MIE &#8211; katalogov\u00fd list CZ<\/a><\/div>\n\n\n\n<div class=\"wp-block-file\"><a href=\"http:\/\/www.elabrno.cz\/wp-content\/uploads\/2020\/02\/CZ-prospekt-MQI-99-SMART-MQI-99-CS-2017.pdf\" target=\"_blank\" rel=\"noreferrer noopener\">  MQI 99 &#8211; katalogov\u00fd list CZ<\/a><\/div>\n\n\n\n<div class=\"wp-block-file\"><a href=\"http:\/\/www.elabrno.cz\/wp-content\/uploads\/2020\/02\/CZ-prospekt-MQI-99-SMART-MQI-99-CS-2017.pdf\" target=\"_blank\" rel=\"noreferrer noopener\">  MQI 99 &#8211; SMART &#8211; katalogov\u00fd list CZ<\/a><\/div>\n\n\n<\/div>\n\n\n\n<div class=\"wp-block-column is-layout-flow wp-block-column-is-layout-flow\">\n<figure class=\"wp-block-table\"><table><tbody><tr><td><img decoding=\"async\" src=\"http:\/\/www.elabrno.cz\/wp-content\/uploads\/2020\/04\/ultrazvukov%C3%A9-pr%C5%AFtokom%C4%9Bry.png\" style=\"width: 30px;\">  <strong>Ultrazvukov\u00e9 pr\u016ftokom\u011bry<\/strong><\/td><\/tr><\/tbody><\/table><\/figure>\n\n\n\n<div class=\"wp-block-file\"><a href=\"http:\/\/www.elabrno.cz\/wp-content\/uploads\/2015\/09\/C_MQHU_list.pdf\"> MQU 99- katalogov\u00fd list CZ<\/a><\/div>\n\n\n\n<div class=\"wp-block-file\"><a href=\"http:\/\/www.elabrno.cz\/wp-content\/uploads\/2015\/09\/C_MQU-99_list.pdf\" target=\"_blank\" rel=\"noreferrer noopener\">  MQU 99 &#8211; SMART &#8211;  katalogov\u00fd list CZ<\/a><\/div>\n<\/div>\n\n\n\n<div class=\"wp-block-column is-layout-flow wp-block-column-is-layout-flow\">\n<figure class=\"wp-block-table\"><table><tbody><tr><td><img decoding=\"async\" src=\"http:\/\/www.elabrno.cz\/wp-content\/uploads\/2020\/04\/MISURATORI-DI-LIVELLO.png\" style=\"width: 30px;\">  <strong>Ultrazvukov\u00e9 hladinom\u011bry<\/strong><\/td><\/tr><\/tbody><\/table><\/figure>\n\n\n\n<div class=\"wp-block-file\"><a href=\"http:\/\/www.elabrno.cz\/wp-content\/uploads\/2015\/09\/C_MQHU_list.pdf\"> MHU 99 &#8211; katalogov\u00fd list CZ<\/a><\/div>\n\n\n\n<div class=\"wp-block-file\"><a href=\"http:\/\/www.elabrno.cz\/wp-content\/uploads\/2015\/09\/C_MQHU_list.pdf\"> MHU 99 &#8211; SMART &#8211; katalogov\u00fd list CZ<\/a><\/div>\n\n\n\n<div class=\"wp-block-file\"><a href=\"http:\/\/www.elabrno.cz\/wp-content\/uploads\/2020\/09\/Prospekt-PU-CZ.pdf\" target=\"_blank\" rel=\"noreferrer noopener\">  PU &#8211; katalogov\u00fd list CZ<\/a><\/div>\n\n\n\n<div class=\"wp-block-file\"><a href=\"http:\/\/www.elabrno.cz\/wp-content\/uploads\/2017\/10\/CZ-prospekt-Esonic.pdf\" target=\"_blank\" rel=\"noreferrer noopener\">  Esonic &#8211; katalogov\u00fd list CZ<\/a><\/div>\n<\/div>\n<\/div>\n\n\n\n<div class=\"wp-block-columns is-layout-flex wp-container-core-columns-is-layout-9d6595d7 wp-block-columns-is-layout-flex\">\n<div class=\"wp-block-column is-layout-flow wp-block-column-is-layout-flow\">\n<figure class=\"wp-block-table\"><table><tbody><tr><td><img decoding=\"async\" src=\"http:\/\/www.elabrno.cz\/wp-content\/uploads\/2020\/04\/SOLUZIONI-COMPLETE-PER-MISURA-E-MONITORAGGIO.png\" style=\"width: 30px;\">  <strong>Elektrodov\u00e9 syst\u00e9my<\/strong><\/td><\/tr><\/tbody><\/table><\/figure>\n\n\n\n<div class=\"wp-block-file\"><a href=\"http:\/\/www.elabrno.cz\/wp-content\/uploads\/2020\/09\/CZ-prospekt-EL-1-2-2017.pdf\" target=\"_blank\" rel=\"noreferrer noopener\">  Elektrodov\u00e9 syst\u00e9my EL 1-2 &#8211; katalogov\u00fd list CZ<\/a><\/div>\n\n\n\n<p><\/p>\n<\/div>\n\n\n\n<div class=\"wp-block-column is-layout-flow wp-block-column-is-layout-flow\">\n<figure class=\"wp-block-table\"><table><tbody><tr><td><img decoding=\"async\" src=\"http:\/\/www.elabrno.cz\/wp-content\/uploads\/2020\/09\/image-2.png\" alt=\"Tento obr\u00e1zek nem\u00e1 vypln\u011bn\u00fd atribut alt; n\u00e1zev souboru je image-2.png.\" style=\"width: 30px;\">  <strong>Parshallovy \u017elaby<\/strong><\/td><\/tr><\/tbody><\/table><\/figure>\n\n\n\n<div class=\"wp-block-file\"><a href=\"http:\/\/www.elabrno.cz\/wp-content\/uploads\/2020\/06\/prospekt-Parshallu\u030av-z\u030clab-CZ.pdf\" target=\"_blank\" rel=\"noreferrer noopener\">  Parshallu\u030av z\u030clab &#8211;  katalogov\u00fd list CZ<\/a><\/div>\n<\/div>\n\n\n\n<div class=\"wp-block-column is-layout-flow wp-block-column-is-layout-flow\">\n<figure class=\"wp-block-table\"><table><tbody><tr><td><img decoding=\"async\" src=\"http:\/\/www.elabrno.cz\/wp-content\/uploads\/2020\/09\/image-1.png\" alt=\"Tento obr\u00e1zek nem\u00e1 vypln\u011bn\u00fd atribut alt; n\u00e1zev souboru je image-1.png.\" style=\"width: 30px;\">  <strong>Ostan\u00ed<\/strong><\/td><\/tr><\/tbody><\/table><\/figure>\n<\/div>\n<\/div>\n\n\n\n<p><\/p>\n","protected":false},"excerpt":{"rendered":"<p>Magneticko induk\u010dn\u00ed pr\u016ftokom\u011bry Ultrazvukov\u00e9 pr\u016ftokom\u011bry Ultrazvukov\u00e9 hladinom\u011bry Elektrodov\u00e9 syst\u00e9my Parshallovy \u017elaby Ostan\u00ed<\/p>\n","protected":false},"author":1,"featured_media":0,"parent":0,"menu_order":0,"comment_status":"closed","ping_status":"open","template":"","meta":{"footnotes":""},"class_list":["post-9252","page","type-page","status-publish","hentry"],"_links":{"self":[{"href":"https:\/\/www.elabrno.cz\/index.php?rest_route=\/wp\/v2\/pages\/9252","targetHints":{"allow":["GET"]}}],"collection":[{"href":"https:\/\/www.elabrno.cz\/index.php?rest_route=\/wp\/v2\/pages"}],"about":[{"href":"https:\/\/www.elabrno.cz\/index.php?rest_route=\/wp\/v2\/types\/page"}],"author":[{"embeddable":true,"href":"https:\/\/www.elabrno.cz\/index.php?rest_route=\/wp\/v2\/users\/1"}],"replies":[{"embeddable":true,"href":"https:\/\/www.elabrno.cz\/index.php?rest_route=%2Fwp%2Fv2%2Fcomments&post=9252"}],"version-history":[{"count":0,"href":"https:\/\/www.elabrno.cz\/index.php?rest_route=\/wp\/v2\/pages\/9252\/revisions"}],"wp:attachment":[{"href":"https:\/\/www.elabrno.cz\/index.php?rest_route=%2Fwp%2Fv2%2Fmedia&parent=9252"}],"curies":[{"name":"wp","href":"https:\/\/api.w.org\/{rel}","templated":true}]}}