{"id":9149,"date":"2015-07-28T11:54:55","date_gmt":"2015-07-28T11:54:55","guid":{"rendered":"http:\/\/www.elabrno.cz\/?page_id=9149"},"modified":"2025-09-09T12:36:36","modified_gmt":"2025-09-09T12:36:36","slug":"ultrazvukove-hladinomery","status":"publish","type":"page","link":"https:\/\/www.elabrno.cz\/?page_id=9149","title":{"rendered":"Ultrazvukov\u00e9 hladinom\u011bry"},"content":{"rendered":"<div id=\"content\">\n<p style=\"text-align: right;\"><a href=\"http:\/\/www.elabrno.cz\/cs\/poptavky\/\" target=\"_blank\" rel=\"noopener\"><strong><span style=\"color: #01367a;\"> VYTVO\u0158IT POPT\u00c1VKU<\/span><\/strong><\/a><\/p>\n<hr \/>\n<p><a href=\"https:\/\/www.elabrno.cz\/?page_id=9629\"><strong>MHU 99 &#8211; SMART<\/strong><\/a><\/p>\n<div id='gallery-1' class='gallery galleryid-9149 gallery-columns-9 gallery-size-thumbnail'><dl class='gallery-item'>\n\t\t\t<dt class='gallery-icon landscape'>\n\t\t\t\t<img loading=\"lazy\" decoding=\"async\" width=\"140\" height=\"140\" src=\"https:\/\/www.elabrno.cz\/wp-content\/uploads\/2017\/10\/3-1-140x140.jpg\" class=\"attachment-thumbnail size-thumbnail\" alt=\"\" srcset=\"https:\/\/www.elabrno.cz\/wp-content\/uploads\/2017\/10\/3-1-140x140.jpg 140w, https:\/\/www.elabrno.cz\/wp-content\/uploads\/2017\/10\/3-1-300x300.jpg 300w, https:\/\/www.elabrno.cz\/wp-content\/uploads\/2017\/10\/3-1-768x768.jpg 768w, https:\/\/www.elabrno.cz\/wp-content\/uploads\/2017\/10\/3-1-1024x1024.jpg 1024w\" sizes=\"auto, (max-width: 140px) 100vw, 140px\" \/>\n\t\t\t<\/dt><\/dl><dl class='gallery-item'>\n\t\t\t<dt class='gallery-icon landscape'>\n\t\t\t\t<img loading=\"lazy\" decoding=\"async\" width=\"140\" height=\"140\" src=\"https:\/\/www.elabrno.cz\/wp-content\/uploads\/2017\/10\/8-140x140.jpg\" class=\"attachment-thumbnail size-thumbnail\" alt=\"\" srcset=\"https:\/\/www.elabrno.cz\/wp-content\/uploads\/2017\/10\/8-140x140.jpg 140w, https:\/\/www.elabrno.cz\/wp-content\/uploads\/2017\/10\/8-300x300.jpg 300w, https:\/\/www.elabrno.cz\/wp-content\/uploads\/2017\/10\/8-768x768.jpg 768w, https:\/\/www.elabrno.cz\/wp-content\/uploads\/2017\/10\/8-1024x1024.jpg 1024w\" sizes=\"auto, (max-width: 140px) 100vw, 140px\" \/>\n\t\t\t<\/dt><\/dl>\n\t\t\t<br style='clear: both' \/>\n\t\t<\/div>\n\n<ul>\n<li>Ultrazvukov\u00fd hladinom\u011br pro pro bezkontaktn\u00ed, spojit\u00e9 sn\u00edm\u00e1n\u00ed. V sestav\u011b se nach\u00e1z\u00ed \u0159\u00edd\u00edc\u00ed jednotka (plastov\u00e9 proveden\u00ed) a odd\u011blen\u00fd 1 nebo 2 sn\u00edma\u010de.<\/li>\n<\/ul>\n<hr \/>\n<p><a href=\"https:\/\/www.elabrno.cz\/?page_id=9630\"><strong>MHU 99 &#8211; S<\/strong><\/a><\/p>\n<div id='gallery-2' class='gallery galleryid-9149 gallery-columns-9 gallery-size-thumbnail'><dl class='gallery-item'>\n\t\t\t<dt class='gallery-icon landscape'>\n\t\t\t\t<img loading=\"lazy\" decoding=\"async\" width=\"140\" height=\"140\" src=\"https:\/\/www.elabrno.cz\/wp-content\/uploads\/2017\/10\/2-140x140.jpg\" class=\"attachment-thumbnail size-thumbnail\" alt=\"\" srcset=\"https:\/\/www.elabrno.cz\/wp-content\/uploads\/2017\/10\/2-140x140.jpg 140w, https:\/\/www.elabrno.cz\/wp-content\/uploads\/2017\/10\/2-300x300.jpg 300w, https:\/\/www.elabrno.cz\/wp-content\/uploads\/2017\/10\/2-768x768.jpg 768w, https:\/\/www.elabrno.cz\/wp-content\/uploads\/2017\/10\/2-1024x1024.jpg 1024w\" sizes=\"auto, (max-width: 140px) 100vw, 140px\" \/>\n\t\t\t<\/dt><\/dl><dl class='gallery-item'>\n\t\t\t<dt class='gallery-icon landscape'>\n\t\t\t\t<img loading=\"lazy\" decoding=\"async\" width=\"140\" height=\"140\" src=\"https:\/\/www.elabrno.cz\/wp-content\/uploads\/2017\/10\/8-140x140.jpg\" class=\"attachment-thumbnail size-thumbnail\" alt=\"\" srcset=\"https:\/\/www.elabrno.cz\/wp-content\/uploads\/2017\/10\/8-140x140.jpg 140w, https:\/\/www.elabrno.cz\/wp-content\/uploads\/2017\/10\/8-300x300.jpg 300w, https:\/\/www.elabrno.cz\/wp-content\/uploads\/2017\/10\/8-768x768.jpg 768w, https:\/\/www.elabrno.cz\/wp-content\/uploads\/2017\/10\/8-1024x1024.jpg 1024w\" sizes=\"auto, (max-width: 140px) 100vw, 140px\" \/>\n\t\t\t<\/dt><\/dl>\n\t\t\t<br style='clear: both' \/>\n\t\t<\/div>\n\n<ul>\n<li>Ultrazvukov\u00fd hladinom\u011br pro pro bezkontaktn\u00ed, spojit\u00e9 sn\u00edm\u00e1n\u00ed. V sestav\u011b se nach\u00e1z\u00ed \u0159\u00edd\u00edc\u00ed jednotka (hlin\u00edkov\u00e9 proveden\u00ed) a odd\u011blen\u00fd 1 nebo 2 sn\u00edma\u010de.<\/li>\n<\/ul>\n<hr \/>\n<p><a href=\"https:\/\/www.elabrno.cz\/?page_id=9505\"><strong>MHU 99 &#8211; C<\/strong><\/a><\/p>\n<div id='gallery-3' class='gallery galleryid-9149 gallery-columns-7 gallery-size-thumbnail'><dl class='gallery-item'>\n\t\t\t<dt class='gallery-icon portrait'>\n\t\t\t\t<img loading=\"lazy\" decoding=\"async\" width=\"119\" height=\"140\" src=\"https:\/\/www.elabrno.cz\/wp-content\/uploads\/2017\/10\/Bez-n\u00e1zvu-119x140.jpg\" class=\"attachment-thumbnail size-thumbnail\" alt=\"\" srcset=\"https:\/\/www.elabrno.cz\/wp-content\/uploads\/2017\/10\/Bez-n\u00e1zvu-119x140.jpg 119w, https:\/\/www.elabrno.cz\/wp-content\/uploads\/2017\/10\/Bez-n\u00e1zvu-255x300.jpg 255w, https:\/\/www.elabrno.cz\/wp-content\/uploads\/2017\/10\/Bez-n\u00e1zvu-768x904.jpg 768w, https:\/\/www.elabrno.cz\/wp-content\/uploads\/2017\/10\/Bez-n\u00e1zvu-870x1024.jpg 870w, https:\/\/www.elabrno.cz\/wp-content\/uploads\/2017\/10\/Bez-n\u00e1zvu.jpg 948w\" sizes=\"auto, (max-width: 119px) 100vw, 119px\" \/>\n\t\t\t<\/dt><\/dl>\n\t\t\t<br style='clear: both' \/>\n\t\t<\/div>\n\n<ul>\n<li>Ultrazvukov\u00fd hladinom\u011br pro pro bezkontaktn\u00ed, spojit\u00e9 sn\u00edm\u00e1n\u00ed. V sestav\u011b se nach\u00e1z\u00ed \u0159\u00edd\u00edc\u00ed jednotka (hlin\u00edkov\u00e9 proveden\u00ed) a jeden kompaktn\u00ed sn\u00edma\u010d. Tento adaptivn\u00ed syst\u00e9m umo\u017e\u0148uje kdykoliv p\u0159ej\u00edt na odd\u011blenou mont\u00e1\u017e.<\/li>\n<\/ul>\n<hr \/>\n<p><a href=\"http:\/\/www.elabrno.cz\/cs\/esonic-2\/\"><strong>Esonic<\/strong><\/a><\/p>\n<div id='gallery-4' class='gallery galleryid-9149 gallery-columns-5 gallery-size-thumbnail'><dl class='gallery-item'>\n\t\t\t<dt class='gallery-icon landscape'>\n\t\t\t\t<img loading=\"lazy\" decoding=\"async\" width=\"140\" height=\"135\" src=\"https:\/\/www.elabrno.cz\/wp-content\/uploads\/2015\/07\/esonic-2-140x135.jpg\" class=\"attachment-thumbnail size-thumbnail\" alt=\"\" srcset=\"https:\/\/www.elabrno.cz\/wp-content\/uploads\/2015\/07\/esonic-2-140x135.jpg 140w, https:\/\/www.elabrno.cz\/wp-content\/uploads\/2015\/07\/esonic-2-300x290.jpg 300w, https:\/\/www.elabrno.cz\/wp-content\/uploads\/2015\/07\/esonic-2-768x742.jpg 768w, https:\/\/www.elabrno.cz\/wp-content\/uploads\/2015\/07\/esonic-2-1024x990.jpg 1024w\" sizes=\"auto, (max-width: 140px) 100vw, 140px\" \/>\n\t\t\t<\/dt><\/dl>\n\t\t\t<br style='clear: both' \/>\n\t\t<\/div>\n\n<ul>\n<li>Ultrazvukov\u00fd hladinom\u011br pro bezkontaktn\u00ed, spojit\u00e9 sn\u00edm\u00e1n\u00ed. Pro m\u011b\u0159en\u00ed v\u00fd\u0161ky hladiny v kompaktn\u00edm proveden\u00ed s displejem.<\/li>\n<\/ul>\n<hr \/>\n<p><strong><a href=\"http:\/\/www.elabrno.cz\/cs\/pu-2\/\">DU A\/H<\/a><\/strong><\/p>\n<div id='gallery-5' class='gallery galleryid-9149 gallery-columns-9 gallery-size-thumbnail'><dl class='gallery-item'>\n\t\t\t<dt class='gallery-icon landscape'>\n\t\t\t\t<img loading=\"lazy\" decoding=\"async\" width=\"140\" height=\"133\" src=\"https:\/\/www.elabrno.cz\/wp-content\/uploads\/2015\/07\/Clipboard01-2-140x133.jpg\" class=\"attachment-thumbnail size-thumbnail\" alt=\"\" srcset=\"https:\/\/www.elabrno.cz\/wp-content\/uploads\/2015\/07\/Clipboard01-2-140x133.jpg 140w, https:\/\/www.elabrno.cz\/wp-content\/uploads\/2015\/07\/Clipboard01-2.jpg 281w\" sizes=\"auto, (max-width: 140px) 100vw, 140px\" \/>\n\t\t\t<\/dt><\/dl>\n\t\t\t<br style='clear: both' \/>\n\t\t<\/div>\n\n<ul>\n<li>Ultrazvukov\u00fd bezdisplejov\u00fd hladinom\u011br pro bezkontaktn\u00ed, spojit\u00e9 sn\u00edm\u00e1n\u00ed a m\u011b\u0159en\u00ed v\u00fd\u0161ky hladiny.<\/li>\n<\/ul>\n<\/div>\n","protected":false},"excerpt":{"rendered":"<p>VYTVO\u0158IT POPT\u00c1VKU MHU 99 &#8211; SMART Ultrazvukov\u00fd hladinom\u011br pro pro bezkontaktn\u00ed, spojit\u00e9 sn\u00edm\u00e1n\u00ed. V sestav\u011b se nach\u00e1z\u00ed \u0159\u00edd\u00edc\u00ed jednotka (plastov\u00e9 proveden\u00ed) a odd\u011blen\u00fd 1 nebo 2 sn\u00edma\u010de. MHU 99 &#8211; S Ultrazvukov\u00fd hladinom\u011br pro pro bezkontaktn\u00ed, spojit\u00e9 sn\u00edm\u00e1n\u00ed. V sestav\u011b se nach\u00e1z\u00ed \u0159\u00edd\u00edc\u00ed jednotka (hlin\u00edkov\u00e9 proveden\u00ed) a odd\u011blen\u00fd 1 nebo 2 sn\u00edma\u010de. MHU 99 &#8211; C Ultrazvukov\u00fd hladinom\u011br pro pro<\/p>\n<div class=\"read-more\"><a class=\"more-link\" href=\"https:\/\/www.elabrno.cz\/?page_id=9149\">Read More &#8230;<\/a><\/div>\n","protected":false},"author":1,"featured_media":0,"parent":0,"menu_order":0,"comment_status":"closed","ping_status":"open","template":"","meta":{"footnotes":""},"class_list":["post-9149","page","type-page","status-publish","hentry"],"_links":{"self":[{"href":"https:\/\/www.elabrno.cz\/index.php?rest_route=\/wp\/v2\/pages\/9149","targetHints":{"allow":["GET"]}}],"collection":[{"href":"https:\/\/www.elabrno.cz\/index.php?rest_route=\/wp\/v2\/pages"}],"about":[{"href":"https:\/\/www.elabrno.cz\/index.php?rest_route=\/wp\/v2\/types\/page"}],"author":[{"embeddable":true,"href":"https:\/\/www.elabrno.cz\/index.php?rest_route=\/wp\/v2\/users\/1"}],"replies":[{"embeddable":true,"href":"https:\/\/www.elabrno.cz\/index.php?rest_route=%2Fwp%2Fv2%2Fcomments&post=9149"}],"version-history":[{"count":3,"href":"https:\/\/www.elabrno.cz\/index.php?rest_route=\/wp\/v2\/pages\/9149\/revisions"}],"predecessor-version":[{"id":26607,"href":"https:\/\/www.elabrno.cz\/index.php?rest_route=\/wp\/v2\/pages\/9149\/revisions\/26607"}],"wp:attachment":[{"href":"https:\/\/www.elabrno.cz\/index.php?rest_route=%2Fwp%2Fv2%2Fmedia&parent=9149"}],"curies":[{"name":"wp","href":"https:\/\/api.w.org\/{rel}","templated":true}]}}