{"id":9146,"date":"2015-07-28T11:27:06","date_gmt":"2015-07-28T11:27:06","guid":{"rendered":"http:\/\/www.elabrno.cz\/?page_id=9146"},"modified":"2025-09-09T12:01:00","modified_gmt":"2025-09-09T12:01:00","slug":"magneticko-indukcni-prutokomery-mqi-si","status":"publish","type":"page","link":"https:\/\/www.elabrno.cz\/?page_id=9146","title":{"rendered":"Magneticko induk\u010dn\u00ed pr\u016ftokom\u011bry"},"content":{"rendered":"<div id=\"content\">\n<p style=\"text-align: right;\"><a href=\"http:\/\/www.elabrno.cz\/cs\/poptavky\/\" target=\"_blank\" rel=\"noopener\"><strong><span style=\"color: #01367a;\"> VYTVO\u0158IT POPT\u00c1VKU<\/span><\/strong><\/a><\/p>\n<p><a href=\"https:\/\/www.elabrno.cz\/?page_id=10015\"><strong>MI<\/strong><\/a><\/p>\n<div id='gallery-1' class='gallery galleryid-9146 gallery-columns-8 gallery-size-thumbnail'><dl class='gallery-item'>\n\t\t\t<dt class='gallery-icon portrait'>\n\t\t\t\t<img loading=\"lazy\" decoding=\"async\" width=\"111\" height=\"140\" src=\"https:\/\/www.elabrno.cz\/wp-content\/uploads\/2019\/09\/MI-C-111x140.png\" class=\"attachment-thumbnail size-thumbnail\" alt=\"\" aria-describedby=\"gallery-1-10052\" srcset=\"https:\/\/www.elabrno.cz\/wp-content\/uploads\/2019\/09\/MI-C-111x140.png 111w, https:\/\/www.elabrno.cz\/wp-content\/uploads\/2019\/09\/MI-C-237x300.png 237w, https:\/\/www.elabrno.cz\/wp-content\/uploads\/2019\/09\/MI-C-768x970.png 768w, https:\/\/www.elabrno.cz\/wp-content\/uploads\/2019\/09\/MI-C-810x1024.png 810w, https:\/\/www.elabrno.cz\/wp-content\/uploads\/2019\/09\/MI-C.png 1040w\" sizes=\"auto, (max-width: 111px) 100vw, 111px\" \/>\n\t\t\t<\/dt>\n\t\t\t\t<dd class='wp-caption-text gallery-caption' id='gallery-1-10052'>\n\t\t\t\tMI &#8211; C (kompaktn\u00ed verze)\n\t\t\t\t<\/dd><\/dl>\n\t\t\t<br style='clear: both' \/>\n\t\t<\/div>\n\n<ul>\n<li>Magneticko-induk\u010dn\u00ed pr\u016ftokom\u011br do potrub\u00ed sv\u011btlosti DN 10 a\u017e DN 1000.<\/li>\n<li>Bezdisplejov\u00e9 \u0159e\u0161en\u00ed pr\u016ftokom\u011bru v kompaktn\u00edm nebo odd\u011blen\u00e9m proveden\u00ed.<\/li>\n<li>S komunikac\u00ed RS 485 \/ MODBUS RTU.<\/li>\n<\/ul>\n<hr \/>\n<p><a href=\"https:\/\/www.elabrno.cz\/?page_id=10020\"><strong>MIA<\/strong><\/a><\/p>\n<div id='gallery-2' class='gallery galleryid-9146 gallery-columns-8 gallery-size-thumbnail'><dl class='gallery-item'>\n\t\t\t<dt class='gallery-icon portrait'>\n\t\t\t\t<img loading=\"lazy\" decoding=\"async\" width=\"102\" height=\"140\" src=\"https:\/\/www.elabrno.cz\/wp-content\/uploads\/2019\/09\/MIA-C-102x140.png\" class=\"attachment-thumbnail size-thumbnail\" alt=\"\" aria-describedby=\"gallery-2-10054\" srcset=\"https:\/\/www.elabrno.cz\/wp-content\/uploads\/2019\/09\/MIA-C-102x140.png 102w, https:\/\/www.elabrno.cz\/wp-content\/uploads\/2019\/09\/MIA-C-218x300.png 218w, https:\/\/www.elabrno.cz\/wp-content\/uploads\/2019\/09\/MIA-C-768x1056.png 768w, https:\/\/www.elabrno.cz\/wp-content\/uploads\/2019\/09\/MIA-C-745x1024.png 745w, https:\/\/www.elabrno.cz\/wp-content\/uploads\/2019\/09\/MIA-C.png 870w\" sizes=\"auto, (max-width: 102px) 100vw, 102px\" \/>\n\t\t\t<\/dt>\n\t\t\t\t<dd class='wp-caption-text gallery-caption' id='gallery-2-10054'>\n\t\t\t\tMIA &#8211; C (kompatn\u00ed proveden\u00ed)\n\t\t\t\t<\/dd><\/dl>\n\t\t\t<br style='clear: both' \/>\n\t\t<\/div>\n\n<ul>\n<li>Magneticko-induk\u010dn\u00ed pr\u016ftokom\u011br do potrub\u00ed sv\u011btlosti DN 10 a\u017e DN 1000.<\/li>\n<li>Bezdisplejov\u00e9 \u0159e\u0161en\u00ed pr\u016ftokom\u011bru v kompaktn\u00edm nebo odd\u011blen\u00e9m proveden\u00ed.<\/li>\n<li>S analogov\u00fdm v\u00fdstupem, impulsn\u00edm v\u00fdstupem a komunikac\u00ed RS 485 \/ MODBUS RTU<\/li>\n<\/ul>\n<div id=\"content\">\n<hr \/>\n<p><a href=\"https:\/\/www.elabrno.cz\/?page_id=10024\"><strong>MIE<\/strong><\/a><\/p>\n<div id='gallery-3' class='gallery galleryid-9146 gallery-columns-8 gallery-size-thumbnail'><dl class='gallery-item'>\n\t\t\t<dt class='gallery-icon portrait'>\n\t\t\t\t<img loading=\"lazy\" decoding=\"async\" width=\"102\" height=\"140\" src=\"https:\/\/www.elabrno.cz\/wp-content\/uploads\/2019\/09\/MIA-C-102x140.png\" class=\"attachment-thumbnail size-thumbnail\" alt=\"\" aria-describedby=\"gallery-3-10054\" srcset=\"https:\/\/www.elabrno.cz\/wp-content\/uploads\/2019\/09\/MIA-C-102x140.png 102w, https:\/\/www.elabrno.cz\/wp-content\/uploads\/2019\/09\/MIA-C-218x300.png 218w, https:\/\/www.elabrno.cz\/wp-content\/uploads\/2019\/09\/MIA-C-768x1056.png 768w, https:\/\/www.elabrno.cz\/wp-content\/uploads\/2019\/09\/MIA-C-745x1024.png 745w, https:\/\/www.elabrno.cz\/wp-content\/uploads\/2019\/09\/MIA-C.png 870w\" sizes=\"auto, (max-width: 102px) 100vw, 102px\" \/>\n\t\t\t<\/dt>\n\t\t\t\t<dd class='wp-caption-text gallery-caption' id='gallery-3-10054'>\n\t\t\t\tMIA &#8211; C (kompatn\u00ed proveden\u00ed)\n\t\t\t\t<\/dd><\/dl>\n\t\t\t<br style='clear: both' \/>\n\t\t<\/div>\n\n<ul>\n<li>Magneticko-induk\u010dn\u00ed pr\u016ftokom\u011br do potrub\u00ed sv\u011btlosti DN 10 a\u017e DN 1000.<\/li>\n<li>Bezdisplejov\u00e9 \u0159e\u0161en\u00ed pr\u016ftokom\u011bru v kompaktn\u00edm nebo odd\u011blen\u00e9m proveden\u00ed..<\/li>\n<li>s komunikac\u00ed ETHERNET \/ MODBUS TCP<\/li>\n<\/ul>\n<hr \/>\n<p><strong><a href=\"https:\/\/www.elabrno.cz\/?page_id=9157\">MQI 99 &#8211; SMART<\/a><\/strong><\/p>\n<div id='gallery-4' class='gallery galleryid-9146 gallery-columns-8 gallery-size-thumbnail'><dl class='gallery-item'>\n\t\t\t<dt class='gallery-icon landscape'>\n\t\t\t\t<img loading=\"lazy\" decoding=\"async\" width=\"140\" height=\"140\" src=\"https:\/\/www.elabrno.cz\/wp-content\/uploads\/2017\/10\/3-1-140x140.jpg\" class=\"attachment-thumbnail size-thumbnail\" alt=\"\" srcset=\"https:\/\/www.elabrno.cz\/wp-content\/uploads\/2017\/10\/3-1-140x140.jpg 140w, https:\/\/www.elabrno.cz\/wp-content\/uploads\/2017\/10\/3-1-300x300.jpg 300w, https:\/\/www.elabrno.cz\/wp-content\/uploads\/2017\/10\/3-1-768x768.jpg 768w, https:\/\/www.elabrno.cz\/wp-content\/uploads\/2017\/10\/3-1-1024x1024.jpg 1024w\" sizes=\"auto, (max-width: 140px) 100vw, 140px\" \/>\n\t\t\t<\/dt><\/dl><dl class='gallery-item'>\n\t\t\t<dt class='gallery-icon landscape'>\n\t\t\t\t<img loading=\"lazy\" decoding=\"async\" width=\"140\" height=\"140\" src=\"https:\/\/www.elabrno.cz\/wp-content\/uploads\/2017\/10\/6-140x140.jpg\" class=\"attachment-thumbnail size-thumbnail\" alt=\"\" srcset=\"https:\/\/www.elabrno.cz\/wp-content\/uploads\/2017\/10\/6-140x140.jpg 140w, https:\/\/www.elabrno.cz\/wp-content\/uploads\/2017\/10\/6-300x300.jpg 300w, https:\/\/www.elabrno.cz\/wp-content\/uploads\/2017\/10\/6-768x768.jpg 768w, https:\/\/www.elabrno.cz\/wp-content\/uploads\/2017\/10\/6-1024x1024.jpg 1024w\" sizes=\"auto, (max-width: 140px) 100vw, 140px\" \/>\n\t\t\t<\/dt><\/dl>\n\t\t\t<br style='clear: both' \/>\n\t\t<\/div>\n\n<ul>\n<li>Magneticko-induk\u010dn\u00ed pr\u016ftokom\u011br do potrub\u00ed sv\u011btlosti DN 10 a\u017e DN 1000. V sestav\u011b se nach\u00e1z\u00ed<strong> \u0159\u00edd\u00edc\u00ed jednotka (plastov\u00e9 proveden\u00ed)<\/strong> a odd\u011blen\u00fd p\u0159\u00edrubov\u00fd nebo speci\u00e1ln\u00ed sn\u00edma\u010d.<\/li>\n<\/ul>\n<hr \/>\n<p><strong><a href=\"https:\/\/www.elabrno.cz\/?page_id=9211\">MQI 99 &#8211; S<\/a><\/strong><\/p>\n<div id='gallery-5' class='gallery galleryid-9146 gallery-columns-8 gallery-size-thumbnail'><dl class='gallery-item'>\n\t\t\t<dt class='gallery-icon landscape'>\n\t\t\t\t<img loading=\"lazy\" decoding=\"async\" width=\"140\" height=\"140\" src=\"https:\/\/www.elabrno.cz\/wp-content\/uploads\/2017\/10\/2-140x140.jpg\" class=\"attachment-thumbnail size-thumbnail\" alt=\"\" srcset=\"https:\/\/www.elabrno.cz\/wp-content\/uploads\/2017\/10\/2-140x140.jpg 140w, https:\/\/www.elabrno.cz\/wp-content\/uploads\/2017\/10\/2-300x300.jpg 300w, https:\/\/www.elabrno.cz\/wp-content\/uploads\/2017\/10\/2-768x768.jpg 768w, https:\/\/www.elabrno.cz\/wp-content\/uploads\/2017\/10\/2-1024x1024.jpg 1024w\" sizes=\"auto, (max-width: 140px) 100vw, 140px\" \/>\n\t\t\t<\/dt><\/dl><dl class='gallery-item'>\n\t\t\t<dt class='gallery-icon landscape'>\n\t\t\t\t<img loading=\"lazy\" decoding=\"async\" width=\"140\" height=\"140\" src=\"https:\/\/www.elabrno.cz\/wp-content\/uploads\/2017\/10\/6-140x140.jpg\" class=\"attachment-thumbnail size-thumbnail\" alt=\"\" srcset=\"https:\/\/www.elabrno.cz\/wp-content\/uploads\/2017\/10\/6-140x140.jpg 140w, https:\/\/www.elabrno.cz\/wp-content\/uploads\/2017\/10\/6-300x300.jpg 300w, https:\/\/www.elabrno.cz\/wp-content\/uploads\/2017\/10\/6-768x768.jpg 768w, https:\/\/www.elabrno.cz\/wp-content\/uploads\/2017\/10\/6-1024x1024.jpg 1024w\" sizes=\"auto, (max-width: 140px) 100vw, 140px\" \/>\n\t\t\t<\/dt><\/dl>\n\t\t\t<br style='clear: both' \/>\n\t\t<\/div>\n\n<ul>\n<li>Magneticko-induk\u010dn\u00ed pr\u016ftokom\u011br do potrub\u00ed sv\u011btlosti DN 10 a\u017e DN 1000. V sestav\u011b se nach\u00e1z\u00ed <strong>\u0159\u00edd\u00edc\u00ed jednotka (hlin\u00edkov\u00e9 proveden\u00ed)<\/strong> a odd\u011blen\u00fd p\u0159\u00edrubov\u00fd nebo speci\u00e1ln\u00ed sn\u00edma\u010d.<\/li>\n<\/ul>\n<hr \/>\n<p><strong><a href=\"https:\/\/www.elabrno.cz\/?page_id=9481\">MQI 99 &#8211; C<\/a><\/strong><\/p>\n<div id='gallery-6' class='gallery galleryid-9146 gallery-columns-7 gallery-size-thumbnail'><dl class='gallery-item'>\n\t\t\t<dt class='gallery-icon portrait'>\n\t\t\t\t<img loading=\"lazy\" decoding=\"async\" width=\"129\" height=\"140\" src=\"https:\/\/www.elabrno.cz\/wp-content\/uploads\/2017\/10\/mqi-99-c-129x140.jpg\" class=\"attachment-thumbnail size-thumbnail\" alt=\"\" srcset=\"https:\/\/www.elabrno.cz\/wp-content\/uploads\/2017\/10\/mqi-99-c-129x140.jpg 129w, https:\/\/www.elabrno.cz\/wp-content\/uploads\/2017\/10\/mqi-99-c-277x300.jpg 277w, https:\/\/www.elabrno.cz\/wp-content\/uploads\/2017\/10\/mqi-99-c-768x832.jpg 768w, https:\/\/www.elabrno.cz\/wp-content\/uploads\/2017\/10\/mqi-99-c-945x1024.jpg 945w, https:\/\/www.elabrno.cz\/wp-content\/uploads\/2017\/10\/mqi-99-c.jpg 1196w\" sizes=\"auto, (max-width: 129px) 100vw, 129px\" \/>\n\t\t\t<\/dt><\/dl>\n\t\t\t<br style='clear: both' \/>\n\t\t<\/div>\n\n<ul>\n<li>Magneticko-induk\u010dn\u00ed pr\u016ftokom\u011br do potrub\u00ed sv\u011btlosti DN 10 a\u017e DN 1000. V sestav\u011b se nach\u00e1z\u00ed <strong>\u0159\u00edd\u00edc\u00ed jednotka (hlin\u00edkov\u00e9 proveden\u00ed)<\/strong> a kompaktn\u00ed p\u0159\u00edrubov\u00fd sn\u00edma\u010d. Tento adaptivn\u00ed syst\u00e9m umo\u017e\u0148uje jakoukoliv mont\u00e1\u017e na potrub\u00ed a kdykoliv p\u0159ej\u00edt na odd\u011blenou mont\u00e1\u017e.<\/li>\n<\/ul>\n<hr \/>\n<p>&nbsp;<\/p>\n<\/div>\n<\/div>\n","protected":false},"excerpt":{"rendered":"<p>VYTVO\u0158IT POPT\u00c1VKU MI Magneticko-induk\u010dn\u00ed pr\u016ftokom\u011br do potrub\u00ed sv\u011btlosti DN 10 a\u017e DN 1000. Bezdisplejov\u00e9 \u0159e\u0161en\u00ed pr\u016ftokom\u011bru v kompaktn\u00edm nebo odd\u011blen\u00e9m proveden\u00ed. S komunikac\u00ed RS 485 \/ MODBUS RTU. MIA Magneticko-induk\u010dn\u00ed pr\u016ftokom\u011br do potrub\u00ed sv\u011btlosti DN 10 a\u017e DN 1000. Bezdisplejov\u00e9 \u0159e\u0161en\u00ed pr\u016ftokom\u011bru v kompaktn\u00edm nebo odd\u011blen\u00e9m proveden\u00ed. S analogov\u00fdm v\u00fdstupem, impulsn\u00edm v\u00fdstupem a komunikac\u00ed RS 485 \/ MODBUS RTU MIE<\/p>\n<div class=\"read-more\"><a class=\"more-link\" href=\"https:\/\/www.elabrno.cz\/?page_id=9146\">Read More &#8230;<\/a><\/div>\n","protected":false},"author":1,"featured_media":0,"parent":0,"menu_order":0,"comment_status":"closed","ping_status":"open","template":"","meta":{"footnotes":""},"class_list":["post-9146","page","type-page","status-publish","hentry"],"_links":{"self":[{"href":"https:\/\/www.elabrno.cz\/index.php?rest_route=\/wp\/v2\/pages\/9146","targetHints":{"allow":["GET"]}}],"collection":[{"href":"https:\/\/www.elabrno.cz\/index.php?rest_route=\/wp\/v2\/pages"}],"about":[{"href":"https:\/\/www.elabrno.cz\/index.php?rest_route=\/wp\/v2\/types\/page"}],"author":[{"embeddable":true,"href":"https:\/\/www.elabrno.cz\/index.php?rest_route=\/wp\/v2\/users\/1"}],"replies":[{"embeddable":true,"href":"https:\/\/www.elabrno.cz\/index.php?rest_route=%2Fwp%2Fv2%2Fcomments&post=9146"}],"version-history":[{"count":15,"href":"https:\/\/www.elabrno.cz\/index.php?rest_route=\/wp\/v2\/pages\/9146\/revisions"}],"predecessor-version":[{"id":26597,"href":"https:\/\/www.elabrno.cz\/index.php?rest_route=\/wp\/v2\/pages\/9146\/revisions\/26597"}],"wp:attachment":[{"href":"https:\/\/www.elabrno.cz\/index.php?rest_route=%2Fwp%2Fv2%2Fmedia&parent=9146"}],"curies":[{"name":"wp","href":"https:\/\/api.w.org\/{rel}","templated":true}]}}