{"id":9133,"date":"2015-07-27T12:35:00","date_gmt":"2015-07-27T12:35:00","guid":{"rendered":"http:\/\/www.elabrno.cz\/?page_id=9133"},"modified":"2020-04-23T10:46:48","modified_gmt":"2020-04-23T10:46:48","slug":"o-nas","status":"publish","type":"page","link":"https:\/\/www.elabrno.cz\/?page_id=9133","title":{"rendered":"O n\u00e1s"},"content":{"rendered":"\n<p><\/p>\n\n\n\n<div class=\"wp-block-columns is-layout-flex wp-container-core-columns-is-layout-9d6595d7 wp-block-columns-is-layout-flex\">\n<div class=\"wp-block-column is-layout-flow wp-block-column-is-layout-flow\">\n<p>Firma ELA, spol. s r. o., se od po\u010d\u00e1tku sv\u00e9ho vzniku \u00fazce specializuje na produkci elektronick\u00fdch za\u0159\u00edzen\u00ed pro m\u011b\u0159en\u00ed pr\u016ftok\u016f kapalin v potrub\u00ed i otev\u0159en\u00fdch pr\u016fto\u010dn\u00fdch profilech a hladin kapalin v n\u00e1dr\u017e\u00edch. Toto zam\u011b\u0159en\u00ed zcela logicky vyplynulo ze skute\u010dnosti, \u017ee v\u011bt\u0161ina zam\u011bstnanc\u016f firmy ELA pracovala p\u0159ed rokem 1989 v podniku SIGMA Brno, kter\u00fd byl v t\u00e9 dob\u011b t\u00e9m\u011b\u0159 monopoln\u00edm v\u00fdrobcem obdobn\u00fdch za\u0159\u00edzen\u00ed v tehdej\u0161\u00ed \u010ceskoslovensk\u00e9 republice. V\u0161echny p\u0159\u00edstroje firmy ELA ( ISO 9001 ) vznikly na z\u00e1klad\u011b vlastn\u00edho v\u00fdvoje, kter\u00fd neust\u00e1le pokra\u010duje a jsou do n\u011bj, zrovna tak jako do technologick\u00e9ho vybaven\u00ed, vkl\u00e1d\u00e1ny nemal\u00e9 finan\u010dn\u00ed prost\u0159edky. Krom\u011b v\u00fdvoje a v\u00fdroby firma zabezpe\u010duje na dod\u00e1van\u00e9 m\u011b\u0159\u00edc\u00ed p\u0159\u00edstroje tak\u00e9 servis v z\u00e1ru\u010dn\u00ed a poz\u00e1ru\u010dn\u00ed dob\u011b.<\/p>\n<\/div>\n\n\n\n<div class=\"wp-block-column is-layout-flow wp-block-column-is-layout-flow\">\n<div class=\"wp-block-image wp-image-9430 size-full\"><figure class=\"alignleft\"><img loading=\"lazy\" decoding=\"async\" width=\"2000\" height=\"1120\" src=\"http:\/\/www.elabrno.cz\/wp-content\/uploads\/2015\/07\/IMG_20170927_132731_HDR.jpg\" alt=\"IMG_20170927_132731_HDR\" class=\"wp-image-9430\" srcset=\"https:\/\/www.elabrno.cz\/wp-content\/uploads\/2015\/07\/IMG_20170927_132731_HDR.jpg 2000w, https:\/\/www.elabrno.cz\/wp-content\/uploads\/2015\/07\/IMG_20170927_132731_HDR-140x78.jpg 140w, https:\/\/www.elabrno.cz\/wp-content\/uploads\/2015\/07\/IMG_20170927_132731_HDR-300x168.jpg 300w, https:\/\/www.elabrno.cz\/wp-content\/uploads\/2015\/07\/IMG_20170927_132731_HDR-1024x573.jpg 1024w\" sizes=\"auto, (max-width: 2000px) 100vw, 2000px\" \/><figcaption>Provozovna ELA v Brn\u011b<\/figcaption><\/figure><\/div>\n<\/div>\n<\/div>\n\n\n\n<p><script type=\"text\/javascript\"><br \/>\n    window.smartlook||(function(d) {<br \/>\n    var o=smartlook=function(){ o.api.push(arguments)},h=d.getElementsByTagName('head')[0];<br \/>\n    var c=d.createElement('script');o.api=new Array();c.async=true;c.type='text\/javascript';<br \/>\n    c.charset='utf-8';c.src='https:\/\/rec.smartlook.com\/recorder.js';h.appendChild(c);<br \/>\n    })(document);<br \/>\n    smartlook('init', 'f04fd7bf3495df1f80151d97a5e13b80c4b89791');<br \/>\n<\/script><\/p>\n","protected":false},"excerpt":{"rendered":"<p>Firma ELA, spol. s r. o., se od po\u010d\u00e1tku sv\u00e9ho vzniku \u00fazce specializuje na produkci elektronick\u00fdch za\u0159\u00edzen\u00ed pro m\u011b\u0159en\u00ed pr\u016ftok\u016f kapalin v potrub\u00ed i otev\u0159en\u00fdch pr\u016fto\u010dn\u00fdch profilech a hladin kapalin v n\u00e1dr\u017e\u00edch. Toto zam\u011b\u0159en\u00ed zcela logicky vyplynulo ze skute\u010dnosti, \u017ee v\u011bt\u0161ina zam\u011bstnanc\u016f firmy ELA pracovala p\u0159ed rokem 1989 v podniku SIGMA Brno, kter\u00fd byl v t\u00e9 dob\u011b t\u00e9m\u011b\u0159 monopoln\u00edm v\u00fdrobcem<\/p>\n<div class=\"read-more\"><a class=\"more-link\" href=\"https:\/\/www.elabrno.cz\/?page_id=9133\">Read More &#8230;<\/a><\/div>\n","protected":false},"author":1,"featured_media":0,"parent":0,"menu_order":0,"comment_status":"closed","ping_status":"open","template":"","meta":{"footnotes":""},"class_list":["post-9133","page","type-page","status-publish","hentry"],"_links":{"self":[{"href":"https:\/\/www.elabrno.cz\/index.php?rest_route=\/wp\/v2\/pages\/9133","targetHints":{"allow":["GET"]}}],"collection":[{"href":"https:\/\/www.elabrno.cz\/index.php?rest_route=\/wp\/v2\/pages"}],"about":[{"href":"https:\/\/www.elabrno.cz\/index.php?rest_route=\/wp\/v2\/types\/page"}],"author":[{"embeddable":true,"href":"https:\/\/www.elabrno.cz\/index.php?rest_route=\/wp\/v2\/users\/1"}],"replies":[{"embeddable":true,"href":"https:\/\/www.elabrno.cz\/index.php?rest_route=%2Fwp%2Fv2%2Fcomments&post=9133"}],"version-history":[{"count":0,"href":"https:\/\/www.elabrno.cz\/index.php?rest_route=\/wp\/v2\/pages\/9133\/revisions"}],"wp:attachment":[{"href":"https:\/\/www.elabrno.cz\/index.php?rest_route=%2Fwp%2Fv2%2Fmedia&parent=9133"}],"curies":[{"name":"wp","href":"https:\/\/api.w.org\/{rel}","templated":true}]}}