{"id":9130,"date":"2015-07-27T12:29:15","date_gmt":"2015-07-27T12:29:15","guid":{"rendered":"http:\/\/www.elabrno.cz\/?page_id=9130"},"modified":"2025-10-06T13:05:37","modified_gmt":"2025-10-06T13:05:37","slug":"ke-stazeni","status":"publish","type":"page","link":"https:\/\/www.elabrno.cz\/?page_id=9130","title":{"rendered":"Ke sta\u017een\u00ed"},"content":{"rendered":"\n<div class=\"wp-block-group\"><div class=\"wp-block-group__inner-container is-layout-flow wp-block-group-is-layout-flow\">\n<p><a href=\"https:\/\/www.elabrno.cz\/?page_id=9252\"><img loading=\"lazy\" decoding=\"async\" class=\"alignleft  wp-image-10186\" src=\"http:\/\/www.elabrno.cz\/wp-content\/uploads\/2020\/04\/datasheet.png\" alt=\"\" width=\"70\" height=\"70\" srcset=\"https:\/\/www.elabrno.cz\/wp-content\/uploads\/2020\/04\/datasheet.png 402w, https:\/\/www.elabrno.cz\/wp-content\/uploads\/2020\/04\/datasheet-300x300.png 300w, https:\/\/www.elabrno.cz\/wp-content\/uploads\/2020\/04\/datasheet-140x140.png 140w, https:\/\/www.elabrno.cz\/wp-content\/uploads\/2020\/04\/datasheet-96x96.png 96w, https:\/\/www.elabrno.cz\/wp-content\/uploads\/2020\/04\/datasheet-250x250.png 250w\" sizes=\"auto, (max-width: 70px) 100vw, 70px\" \/><\/a><a href=\"https:\/\/www.elabrno.cz\/?page_id=9252\"><strong>Katalogov\u00e9 listy<\/strong><\/a><\/p>\n<p>&#8211; v t\u00e9to sekci naleznete katalogov\u00e9 listy produkt\u016f ELA<\/p>\n<p><a href=\"http:\/\/www.elabrno.cz\/cs\/navody\/\"><img loading=\"lazy\" decoding=\"async\" class=\"alignleft wp-image-10188 \" src=\"http:\/\/www.elabrno.cz\/wp-content\/uploads\/2020\/04\/download-cataloghi.png\" alt=\"\" width=\"70\" height=\"70\" srcset=\"https:\/\/www.elabrno.cz\/wp-content\/uploads\/2020\/04\/download-cataloghi.png 402w, https:\/\/www.elabrno.cz\/wp-content\/uploads\/2020\/04\/download-cataloghi-300x300.png 300w, https:\/\/www.elabrno.cz\/wp-content\/uploads\/2020\/04\/download-cataloghi-140x140.png 140w, https:\/\/www.elabrno.cz\/wp-content\/uploads\/2020\/04\/download-cataloghi-96x96.png 96w, https:\/\/www.elabrno.cz\/wp-content\/uploads\/2020\/04\/download-cataloghi-250x250.png 250w\" sizes=\"auto, (max-width: 70px) 100vw, 70px\" \/><\/a><\/p>\n<p><a href=\"https:\/\/www.elabrno.cz\/?page_id=9251\"><strong>Manu\u00e1ly<\/strong><\/a><\/p>\n<p>&#8211; zde si m\u016f\u017eete st\u00e1hnout v\u0161echny manu\u00e1ly p\u0159\u00edstroj\u016f ELA rozd\u011blen\u00fdch podle kategori\u00ed<\/p>\n<p><a href=\"https:\/\/www.elabrno.cz\/?page_id=9637\"><img loading=\"lazy\" decoding=\"async\" class=\"alignleft wp-image-10189 \" src=\"http:\/\/www.elabrno.cz\/wp-content\/uploads\/2020\/04\/download-certificati.png\" alt=\"\" width=\"70\" height=\"70\" srcset=\"https:\/\/www.elabrno.cz\/wp-content\/uploads\/2020\/04\/download-certificati.png 400w, https:\/\/www.elabrno.cz\/wp-content\/uploads\/2020\/04\/download-certificati-300x300.png 300w, https:\/\/www.elabrno.cz\/wp-content\/uploads\/2020\/04\/download-certificati-140x140.png 140w, https:\/\/www.elabrno.cz\/wp-content\/uploads\/2020\/04\/download-certificati-96x96.png 96w, https:\/\/www.elabrno.cz\/wp-content\/uploads\/2020\/04\/download-certificati-250x250.png 250w\" sizes=\"auto, (max-width: 70px) 100vw, 70px\" \/><strong>Certifik\u00e1ty a jin\u00e9 dokumenty<\/strong><\/a><\/p>\n<p>&#8211; certifik\u00e1ty a jin\u00e9 dokumenty v souladu s platnou normou<\/p>\n<\/div><\/div>\n","protected":false},"excerpt":{"rendered":"<p>Katalogov\u00e9 listy &#8211; v t\u00e9to sekci naleznete katalogov\u00e9 listy produkt\u016f ELA Manu\u00e1ly &#8211; zde si m\u016f\u017eete st\u00e1hnout v\u0161echny manu\u00e1ly p\u0159\u00edstroj\u016f ELA rozd\u011blen\u00fdch podle kategori\u00ed Certifik\u00e1ty a jin\u00e9 dokumenty &#8211; certifik\u00e1ty a jin\u00e9 dokumenty v souladu s platnou normou<\/p>\n","protected":false},"author":1,"featured_media":0,"parent":0,"menu_order":0,"comment_status":"closed","ping_status":"open","template":"","meta":{"footnotes":""},"class_list":["post-9130","page","type-page","status-publish","hentry"],"_links":{"self":[{"href":"https:\/\/www.elabrno.cz\/index.php?rest_route=\/wp\/v2\/pages\/9130","targetHints":{"allow":["GET"]}}],"collection":[{"href":"https:\/\/www.elabrno.cz\/index.php?rest_route=\/wp\/v2\/pages"}],"about":[{"href":"https:\/\/www.elabrno.cz\/index.php?rest_route=\/wp\/v2\/types\/page"}],"author":[{"embeddable":true,"href":"https:\/\/www.elabrno.cz\/index.php?rest_route=\/wp\/v2\/users\/1"}],"replies":[{"embeddable":true,"href":"https:\/\/www.elabrno.cz\/index.php?rest_route=%2Fwp%2Fv2%2Fcomments&post=9130"}],"version-history":[{"count":3,"href":"https:\/\/www.elabrno.cz\/index.php?rest_route=\/wp\/v2\/pages\/9130\/revisions"}],"predecessor-version":[{"id":26619,"href":"https:\/\/www.elabrno.cz\/index.php?rest_route=\/wp\/v2\/pages\/9130\/revisions\/26619"}],"wp:attachment":[{"href":"https:\/\/www.elabrno.cz\/index.php?rest_route=%2Fwp%2Fv2%2Fmedia&parent=9130"}],"curies":[{"name":"wp","href":"https:\/\/api.w.org\/{rel}","templated":true}]}}