{"id":9126,"date":"2015-07-27T11:55:36","date_gmt":"2015-07-27T11:55:36","guid":{"rendered":"http:\/\/www.elabrno.cz\/?page_id=9126"},"modified":"2017-10-31T11:59:55","modified_gmt":"2017-10-31T11:59:55","slug":"ultrazvukove-prutokomery","status":"publish","type":"page","link":"https:\/\/www.elabrno.cz\/?page_id=9126","title":{"rendered":"Ultrazvukov\u00e9 pr\u016ftokom\u011bry"},"content":{"rendered":"<div id=\"content\">\n<p style=\"text-align: right;\"><a href=\"http:\/\/www.elabrno.cz\/cs\/poptavky\/\" target=\"_blank\" rel=\"noopener\"><strong><span style=\"color: #01367A;\"> VYTVO\u0158IT POPT\u00c1VKU<\/span><\/strong><\/a><\/p>\n<hr \/>\n<p><strong>MQU 99 &#8211; SMART<\/strong><\/p>\n<div id='gallery-1' class='gallery galleryid-9126 gallery-columns-9 gallery-size-thumbnail'><dl class='gallery-item'>\n\t\t\t<dt class='gallery-icon landscape'>\n\t\t\t\t<a href='https:\/\/www.elabrno.cz\/?attachment_id=9522'><img loading=\"lazy\" decoding=\"async\" width=\"140\" height=\"140\" src=\"https:\/\/www.elabrno.cz\/wp-content\/uploads\/2017\/10\/3-1-140x140.jpg\" class=\"attachment-thumbnail size-thumbnail\" alt=\"\" srcset=\"https:\/\/www.elabrno.cz\/wp-content\/uploads\/2017\/10\/3-1-140x140.jpg 140w, https:\/\/www.elabrno.cz\/wp-content\/uploads\/2017\/10\/3-1-300x300.jpg 300w, https:\/\/www.elabrno.cz\/wp-content\/uploads\/2017\/10\/3-1-768x768.jpg 768w, https:\/\/www.elabrno.cz\/wp-content\/uploads\/2017\/10\/3-1-1024x1024.jpg 1024w\" sizes=\"auto, (max-width: 140px) 100vw, 140px\" \/><\/a>\n\t\t\t<\/dt><\/dl><dl class='gallery-item'>\n\t\t\t<dt class='gallery-icon landscape'>\n\t\t\t\t<a href='https:\/\/www.elabrno.cz\/?attachment_id=9527'><img loading=\"lazy\" decoding=\"async\" width=\"140\" height=\"140\" src=\"https:\/\/www.elabrno.cz\/wp-content\/uploads\/2017\/10\/8-140x140.jpg\" class=\"attachment-thumbnail size-thumbnail\" alt=\"\" srcset=\"https:\/\/www.elabrno.cz\/wp-content\/uploads\/2017\/10\/8-140x140.jpg 140w, https:\/\/www.elabrno.cz\/wp-content\/uploads\/2017\/10\/8-300x300.jpg 300w, https:\/\/www.elabrno.cz\/wp-content\/uploads\/2017\/10\/8-768x768.jpg 768w, https:\/\/www.elabrno.cz\/wp-content\/uploads\/2017\/10\/8-1024x1024.jpg 1024w\" sizes=\"auto, (max-width: 140px) 100vw, 140px\" \/><\/a>\n\t\t\t<\/dt><\/dl>\n\t\t\t<br style='clear: both' \/>\n\t\t<\/div>\n\n<ul>\n<li>Ultrazvukov\u00fd pr\u016ftokom\u011br pro otev\u0159en\u00e9 m\u011brn\u00e9 profily. V sestav\u011b se nach\u00e1z\u00ed \u0159\u00edd\u00edc\u00ed jednotka (plastov\u00e9 proveden\u00ed) a odd\u011blen\u00fd 1 nebo 2 sn\u00edma\u010de.<\/li>\n<\/ul>\n<hr \/>\n<p><strong>MQU 99 &#8211; S<\/strong><\/p>\n<div id='gallery-2' class='gallery galleryid-9126 gallery-columns-9 gallery-size-thumbnail'><dl class='gallery-item'>\n\t\t\t<dt class='gallery-icon landscape'>\n\t\t\t\t<a href='https:\/\/www.elabrno.cz\/?attachment_id=9521'><img loading=\"lazy\" decoding=\"async\" width=\"140\" height=\"140\" src=\"https:\/\/www.elabrno.cz\/wp-content\/uploads\/2017\/10\/2-140x140.jpg\" class=\"attachment-thumbnail size-thumbnail\" alt=\"\" srcset=\"https:\/\/www.elabrno.cz\/wp-content\/uploads\/2017\/10\/2-140x140.jpg 140w, https:\/\/www.elabrno.cz\/wp-content\/uploads\/2017\/10\/2-300x300.jpg 300w, https:\/\/www.elabrno.cz\/wp-content\/uploads\/2017\/10\/2-768x768.jpg 768w, https:\/\/www.elabrno.cz\/wp-content\/uploads\/2017\/10\/2-1024x1024.jpg 1024w\" sizes=\"auto, (max-width: 140px) 100vw, 140px\" \/><\/a>\n\t\t\t<\/dt><\/dl><dl class='gallery-item'>\n\t\t\t<dt class='gallery-icon landscape'>\n\t\t\t\t<a href='https:\/\/www.elabrno.cz\/?attachment_id=9527'><img loading=\"lazy\" decoding=\"async\" width=\"140\" height=\"140\" src=\"https:\/\/www.elabrno.cz\/wp-content\/uploads\/2017\/10\/8-140x140.jpg\" class=\"attachment-thumbnail size-thumbnail\" alt=\"\" srcset=\"https:\/\/www.elabrno.cz\/wp-content\/uploads\/2017\/10\/8-140x140.jpg 140w, https:\/\/www.elabrno.cz\/wp-content\/uploads\/2017\/10\/8-300x300.jpg 300w, https:\/\/www.elabrno.cz\/wp-content\/uploads\/2017\/10\/8-768x768.jpg 768w, https:\/\/www.elabrno.cz\/wp-content\/uploads\/2017\/10\/8-1024x1024.jpg 1024w\" sizes=\"auto, (max-width: 140px) 100vw, 140px\" \/><\/a>\n\t\t\t<\/dt><\/dl>\n\t\t\t<br style='clear: both' \/>\n\t\t<\/div>\n\n<ul>\n<li>Ultrazvukov\u00fd pr\u016ftokom\u011br pro otev\u0159en\u00e9 m\u011brn\u00e9 profily. V sestav\u011b se nach\u00e1z\u00ed \u0159\u00edd\u00edc\u00ed jednotka (hlin\u00edkov\u00e9 proveden\u00ed) a odd\u011blen\u00fd 1 nebo 2 sn\u00edma\u010de.<\/li>\n<\/ul>\n<hr \/>\n<p><strong>MQU 99 &#8211; C<\/strong><\/p>\n<div id='gallery-3' class='gallery galleryid-9126 gallery-columns-9 gallery-size-thumbnail'><dl class='gallery-item'>\n\t\t\t<dt class='gallery-icon portrait'>\n\t\t\t\t<a href='https:\/\/www.elabrno.cz\/?attachment_id=9506'><img loading=\"lazy\" decoding=\"async\" width=\"120\" height=\"140\" src=\"https:\/\/www.elabrno.cz\/wp-content\/uploads\/2017\/10\/7_663-120x140.jpg\" class=\"attachment-thumbnail size-thumbnail\" alt=\"\" srcset=\"https:\/\/www.elabrno.cz\/wp-content\/uploads\/2017\/10\/7_663-120x140.jpg 120w, https:\/\/www.elabrno.cz\/wp-content\/uploads\/2017\/10\/7_663-258x300.jpg 258w, https:\/\/www.elabrno.cz\/wp-content\/uploads\/2017\/10\/7_663.jpg 663w\" sizes=\"auto, (max-width: 120px) 100vw, 120px\" \/><\/a>\n\t\t\t<\/dt><\/dl>\n\t\t\t<br style='clear: both' \/>\n\t\t<\/div>\n\n<ul>\n<li>Ultrazvukov\u00fd pr\u016ftokom\u011br pro otev\u0159en\u00e9 m\u011brn\u00e9 profily. V sestav\u011b se nach\u00e1z\u00ed \u0159\u00edd\u00edc\u00ed jednotka (hlin\u00edkov\u00e9 proveden\u00ed) a jeden kompaktn\u00ed sn\u00edma\u010d. Tento adaptivn\u00ed syst\u00e9m umo\u017e\u0148uje kdykoliv p\u0159ej\u00edt na odd\u011blenou mont\u00e1\u017e.<\/li>\n<\/ul>\n<hr \/>\n<p>&nbsp;<\/p>\n<\/div>\n","protected":false},"excerpt":{"rendered":"<p>VYTVO\u0158IT POPT\u00c1VKU MQU 99 &#8211; SMART Ultrazvukov\u00fd pr\u016ftokom\u011br pro otev\u0159en\u00e9 m\u011brn\u00e9 profily. V sestav\u011b se nach\u00e1z\u00ed \u0159\u00edd\u00edc\u00ed jednotka (plastov\u00e9 proveden\u00ed) a odd\u011blen\u00fd 1 nebo 2 sn\u00edma\u010de. MQU 99 &#8211; S Ultrazvukov\u00fd pr\u016ftokom\u011br pro otev\u0159en\u00e9 m\u011brn\u00e9 profily. V sestav\u011b se nach\u00e1z\u00ed \u0159\u00edd\u00edc\u00ed jednotka (hlin\u00edkov\u00e9 proveden\u00ed) a odd\u011blen\u00fd 1 nebo 2 sn\u00edma\u010de. MQU 99 &#8211; C Ultrazvukov\u00fd pr\u016ftokom\u011br pro otev\u0159en\u00e9 m\u011brn\u00e9 profily.<\/p>\n<div class=\"read-more\"><a class=\"more-link\" href=\"https:\/\/www.elabrno.cz\/?page_id=9126\">Read More &#8230;<\/a><\/div>\n","protected":false},"author":1,"featured_media":0,"parent":0,"menu_order":2,"comment_status":"closed","ping_status":"open","template":"page-sidebar.php","meta":{"footnotes":""},"class_list":["post-9126","page","type-page","status-publish","hentry"],"_links":{"self":[{"href":"https:\/\/www.elabrno.cz\/index.php?rest_route=\/wp\/v2\/pages\/9126","targetHints":{"allow":["GET"]}}],"collection":[{"href":"https:\/\/www.elabrno.cz\/index.php?rest_route=\/wp\/v2\/pages"}],"about":[{"href":"https:\/\/www.elabrno.cz\/index.php?rest_route=\/wp\/v2\/types\/page"}],"author":[{"embeddable":true,"href":"https:\/\/www.elabrno.cz\/index.php?rest_route=\/wp\/v2\/users\/1"}],"replies":[{"embeddable":true,"href":"https:\/\/www.elabrno.cz\/index.php?rest_route=%2Fwp%2Fv2%2Fcomments&post=9126"}],"version-history":[{"count":1,"href":"https:\/\/www.elabrno.cz\/index.php?rest_route=\/wp\/v2\/pages\/9126\/revisions"}],"predecessor-version":[{"id":9593,"href":"https:\/\/www.elabrno.cz\/index.php?rest_route=\/wp\/v2\/pages\/9126\/revisions\/9593"}],"wp:attachment":[{"href":"https:\/\/www.elabrno.cz\/index.php?rest_route=%2Fwp%2Fv2%2Fmedia&parent=9126"}],"curies":[{"name":"wp","href":"https:\/\/api.w.org\/{rel}","templated":true}]}}