{"id":9094,"date":"2015-07-14T14:44:19","date_gmt":"2015-07-14T14:44:19","guid":{"rendered":"http:\/\/www.elabrno.cz\/?page_id=9094"},"modified":"2025-09-09T10:55:40","modified_gmt":"2025-09-09T10:55:40","slug":"kontakt","status":"publish","type":"page","link":"https:\/\/www.elabrno.cz\/?page_id=9094","title":{"rendered":"Kontakt"},"content":{"rendered":"\n<div class=\"wp-block-columns is-layout-flex wp-container-core-columns-is-layout-9d6595d7 wp-block-columns-is-layout-flex\">\n<div class=\"wp-block-column is-layout-flow wp-block-column-is-layout-flow\">\n<div class=\"wp-block-columns is-layout-flex wp-container-core-columns-is-layout-9d6595d7 wp-block-columns-is-layout-flex\">\n<div class=\"wp-block-column is-layout-flow wp-block-column-is-layout-flow\">\n<p><strong>Faktura\u010dn\u00ed adresa<\/strong><br>ELA, spol. s r.o.<br>Mikulovsk\u00e1 1<br>628 00 Brno CZ<br>I\u010cO:46969063<br>DI\u010c:CZ46969063<\/p>\n<\/div>\n\n\n\n<div class=\"wp-block-column is-layout-flow wp-block-column-is-layout-flow\">\n<p><strong>Provozovna<\/strong><br>ELA, spol. s&nbsp;r.&nbsp;o.<br>Sokolova 32<br>619 00 Brno CZ<br>(pr\u016fmyslov\u00fd are\u00e1l Alfatec)<\/p>\n\n\n\n<p class=\"has-vivid-red-color has-text-color\">P\u0159\u00edjem do servisu, p\u0159\u00edjem v\u0161ech bal\u00edk\u016f.<\/p>\n<\/div>\n<\/div>\n\n\n<figure><iframe loading=\"lazy\" style=\"border: 0;\" src=\"https:\/\/www.google.com\/maps\/embed?pb=!1m18!1m12!1m3!1d2608.852441188486!2d16.612586000000007!3d49.16540899999998!2m3!1f0!2f0!3f0!3m2!1i1024!2i768!4f13.1!3m3!1m2!1s0x47129573319faf35%3A0xa5e7cee07adbb665!2sELA%2C+spol.+s+r.o.!5e0!3m2!1scs!2scz!4v1444035731225\" width=\"600\" height=\"605\" frameborder=\"0\" allowfullscreen=\"allowfullscreen\"><\/iframe><\/figure>\n<\/div>\n\n\n\n<div class=\"wp-block-column is-layout-flow wp-block-column-is-layout-flow\" style=\"flex-basis:50%\">\n<p><strong>Zde n\u00e1m m\u016f\u017eete zanechat zpr\u00e1vu:<\/strong><\/p>\n\n\n\n<div class=\"wpcf7 no-js\" id=\"wpcf7-f9591-o1\" lang=\"cs-CZ\" dir=\"ltr\" data-wpcf7-id=\"9591\">\n<div class=\"screen-reader-response\"><p role=\"status\" aria-live=\"polite\" aria-atomic=\"true\"><\/p> <ul><\/ul><\/div>\n<form action=\"\/index.php?rest_route=%2Fwp%2Fv2%2Fpages%2F9094#wpcf7-f9591-o1\" method=\"post\" class=\"wpcf7-form init\" aria-label=\"Kontaktn\u00ed formul\u00e1\u0159\" novalidate=\"novalidate\" data-status=\"init\">\n<fieldset class=\"hidden-fields-container\"><input type=\"hidden\" name=\"_wpcf7\" value=\"9591\" \/><input type=\"hidden\" name=\"_wpcf7_version\" value=\"6.1.1\" \/><input type=\"hidden\" name=\"_wpcf7_locale\" value=\"cs_CZ\" \/><input type=\"hidden\" name=\"_wpcf7_unit_tag\" value=\"wpcf7-f9591-o1\" \/><input type=\"hidden\" name=\"_wpcf7_container_post\" value=\"0\" \/><input type=\"hidden\" name=\"_wpcf7_posted_data_hash\" value=\"\" \/>\n<\/fieldset>\n<p>Jm\u00e9no (vy\u017eadov\u00e1no)\n<\/p>\n<p><span class=\"wpcf7-form-control-wrap\" data-name=\"vase-jmeno\"><input size=\"40\" maxlength=\"400\" class=\"wpcf7-form-control wpcf7-text wpcf7-validates-as-required\" aria-required=\"true\" aria-invalid=\"false\" value=\"\" type=\"text\" name=\"vase-jmeno\" \/><\/span>\n<\/p>\n<p>Firma (vy\u017eadov\u00e1no)\n<\/p>\n<p><span class=\"wpcf7-form-control-wrap\" data-name=\"firma\"><input size=\"40\" maxlength=\"400\" class=\"wpcf7-form-control wpcf7-text wpcf7-validates-as-required\" aria-required=\"true\" aria-invalid=\"false\" value=\"\" type=\"text\" name=\"firma\" \/><\/span>\n<\/p>\n<p>Email (vy\u017eadov\u00e1no)\n<\/p>\n<p><span class=\"wpcf7-form-control-wrap\" data-name=\"vas-email\"><input size=\"40\" maxlength=\"400\" class=\"wpcf7-form-control wpcf7-email wpcf7-validates-as-required wpcf7-text wpcf7-validates-as-email\" aria-required=\"true\" aria-invalid=\"false\" value=\"\" type=\"email\" name=\"vas-email\" \/><\/span>\n<\/p>\n<p>Telefon\u00ed \u010d\u00edslo (vy\u017eadov\u00e1no)\n<\/p>\n<p><span class=\"wpcf7-form-control-wrap\" data-name=\"tel-cislo\"><input size=\"40\" maxlength=\"400\" class=\"wpcf7-form-control wpcf7-text wpcf7-validates-as-required\" aria-required=\"true\" aria-invalid=\"false\" value=\"\" type=\"text\" name=\"tel-cislo\" \/><\/span>\n<\/p>\n<p>P\u0159edm\u011bt\n<\/p>\n<p><span class=\"wpcf7-form-control-wrap\" data-name=\"your-subject\"><input size=\"40\" maxlength=\"400\" class=\"wpcf7-form-control wpcf7-text\" aria-invalid=\"false\" value=\"\" type=\"text\" name=\"your-subject\" \/><\/span>\n<\/p>\n<p>Va\u0161e zpr\u00e1va\n<\/p>\n<p><span class=\"wpcf7-form-control-wrap\" data-name=\"your-message\"><textarea cols=\"40\" rows=\"10\" maxlength=\"2000\" class=\"wpcf7-form-control wpcf7-textarea\" aria-invalid=\"false\" name=\"your-message\"><\/textarea><\/span>\n<\/p>\n<p><input class=\"wpcf7-form-control wpcf7-submit has-spinner\" type=\"submit\" value=\"Odeslat\" \/>\n<\/p><p style=\"display: none !important;\" class=\"akismet-fields-container\" data-prefix=\"_wpcf7_ak_\"><label>&#916;<textarea name=\"_wpcf7_ak_hp_textarea\" cols=\"45\" rows=\"8\" maxlength=\"100\"><\/textarea><\/label><input type=\"hidden\" id=\"ak_js_1\" name=\"_wpcf7_ak_js\" value=\"40\"\/><script>document.getElementById( \"ak_js_1\" ).setAttribute( \"value\", ( new Date() ).getTime() );<\/script><\/p><div class=\"wpcf7-response-output\" aria-hidden=\"true\"><\/div>\n<\/form>\n<\/div>\n\n<\/div>\n<\/div>\n\n\n\n<div class=\"wp-block-columns is-layout-flex wp-container-core-columns-is-layout-9d6595d7 wp-block-columns-is-layout-flex\">\n<div class=\"wp-block-column is-layout-flow wp-block-column-is-layout-flow\">\n<div class=\"wp-block-columns is-layout-flex wp-container-core-columns-is-layout-9d6595d7 wp-block-columns-is-layout-flex\">\n<div class=\"wp-block-column is-layout-flow wp-block-column-is-layout-flow\">\n<p><strong>Obchodn\u00ed odd\u011blen\u00ed<\/strong><br>\u010cESK\u00c1 REPUBLIKA\/SLOVENSKO<br>Ing. Milan Vl\u010dek<br>tel.: +420 603 541 325<br>email: ela@elabrno.cz<\/p>\n\n\n\n<p>ZAHRANI\u010c\u00cd<br>Ing. Michal Nos<br>tel.: +420 602 550 723<br>email: sales@elabrno.cz, ahmnos@email.cz<\/p>\n\n\n\n<p>EXTERN\u00cd PORADCE<br>PARS aqua s.r.o.<br>Ing. Jan Vr\u0161eck\u00fd, CSc.<br>tel.: +420 736 686 159<br>email: pars@parsaqua.cz<\/p>\n\n\n\n<p><\/p>\n\n\n\n<p><\/p>\n<\/div>\n\n\n\n<div class=\"wp-block-column is-layout-flow wp-block-column-is-layout-flow\">\n<div class=\"wp-block-group\"><div class=\"wp-block-group__inner-container is-layout-flow wp-block-group-is-layout-flow\">\n<div class=\"wp-block-group\"><div class=\"wp-block-group__inner-container is-layout-flow wp-block-group-is-layout-flow\">\n<p><strong>V\u00fdroba<\/strong><br>Jan Obalil<br>tel.: +420 603 205 295<br>email: info@elabrno.cz<\/p>\n<\/div><\/div>\n<\/div><\/div>\n\n\n\n<p><\/p>\n<\/div>\n<\/div>\n<\/div>\n\n\n\n<div class=\"wp-block-column is-layout-flow wp-block-column-is-layout-flow\">\n<div class=\"wp-block-columns is-layout-flex wp-container-core-columns-is-layout-9d6595d7 wp-block-columns-is-layout-flex\">\n<div class=\"wp-block-column is-layout-flow wp-block-column-is-layout-flow\">\n<p><strong>Servis<\/strong><br>Jarom\u00edr Brzobohat\u00fd<br>tel.: +420 736 488 602<br>email: jabr@elabrno.cz, servis@elabrno.cz<\/p>\n\n\n\n<p>Ing. Radek Brzobohat\u00fd<br>tel.: +420 731 172 189<br>email: servis@elabrno.cz<\/p>\n<\/div>\n\n\n\n<div class=\"wp-block-column is-layout-flow wp-block-column-is-layout-flow\">\n<p><strong>V\u00fdvoj<\/strong><br>Ing. Radek Novotn\u00fd<br>tel.: +420 777 402 507<br>email: vyvoj@elabrno.cz<\/p>\n\n\n\n<p>Ing. Jarom\u00edr Nohel<br>tel.: +420 732 214 339<br>email: jaromir.nohel@iex.cz<\/p>\n<\/div>\n<\/div>\n\n\n\n<p><\/p>\n<\/div>\n<\/div>\n\n\n\n<p><\/p>\n","protected":false},"excerpt":{"rendered":"<p>Faktura\u010dn\u00ed adresaELA, spol. s r.o.Mikulovsk\u00e1 1628 00 Brno CZI\u010cO:46969063DI\u010c:CZ46969063 ProvozovnaELA, spol. s&nbsp;r.&nbsp;o.Sokolova 32619 00 Brno CZ(pr\u016fmyslov\u00fd are\u00e1l Alfatec) P\u0159\u00edjem do servisu, p\u0159\u00edjem v\u0161ech bal\u00edk\u016f. Zde n\u00e1m m\u016f\u017eete zanechat zpr\u00e1vu: Obchodn\u00ed odd\u011blen\u00ed\u010cESK\u00c1 REPUBLIKA\/SLOVENSKOIng. Milan Vl\u010dektel.: +420 603 541 325email: ela@elabrno.cz ZAHRANI\u010c\u00cdIng. Michal Nostel.: +420 602 550 723email: sales@elabrno.cz, ahmnos@email.cz EXTERN\u00cd PORADCEPARS aqua s.r.o.Ing. Jan Vr\u0161eck\u00fd, CSc.tel.: +420 736 686 159email: pars@parsaqua.cz<\/p>\n<div class=\"read-more\"><a class=\"more-link\" href=\"https:\/\/www.elabrno.cz\/?page_id=9094\">Read More &#8230;<\/a><\/div>\n","protected":false},"author":1,"featured_media":0,"parent":0,"menu_order":0,"comment_status":"closed","ping_status":"open","template":"","meta":{"footnotes":""},"class_list":["post-9094","page","type-page","status-publish","hentry"],"_links":{"self":[{"href":"https:\/\/www.elabrno.cz\/index.php?rest_route=\/wp\/v2\/pages\/9094","targetHints":{"allow":["GET"]}}],"collection":[{"href":"https:\/\/www.elabrno.cz\/index.php?rest_route=\/wp\/v2\/pages"}],"about":[{"href":"https:\/\/www.elabrno.cz\/index.php?rest_route=\/wp\/v2\/types\/page"}],"author":[{"embeddable":true,"href":"https:\/\/www.elabrno.cz\/index.php?rest_route=\/wp\/v2\/users\/1"}],"replies":[{"embeddable":true,"href":"https:\/\/www.elabrno.cz\/index.php?rest_route=%2Fwp%2Fv2%2Fcomments&post=9094"}],"version-history":[{"count":1,"href":"https:\/\/www.elabrno.cz\/index.php?rest_route=\/wp\/v2\/pages\/9094\/revisions"}],"predecessor-version":[{"id":26586,"href":"https:\/\/www.elabrno.cz\/index.php?rest_route=\/wp\/v2\/pages\/9094\/revisions\/26586"}],"wp:attachment":[{"href":"https:\/\/www.elabrno.cz\/index.php?rest_route=%2Fwp%2Fv2%2Fmedia&parent=9094"}],"curies":[{"name":"wp","href":"https:\/\/api.w.org\/{rel}","templated":true}]}}