{"id":9093,"date":"2015-07-14T14:44:19","date_gmt":"2015-07-14T14:44:19","guid":{"rendered":"http:\/\/www.elabrno.cz\/?page_id=9093"},"modified":"2025-09-09T10:52:53","modified_gmt":"2025-09-09T10:52:53","slug":"produkty","status":"publish","type":"page","link":"https:\/\/www.elabrno.cz\/?page_id=9093","title":{"rendered":"Produkty"},"content":{"rendered":"\n<p><\/p>\n\n\n\n<div class=\"wp-block-group\"><div class=\"wp-block-group__inner-container is-layout-flow wp-block-group-is-layout-flow\">\n<p><a href=\"http:\/\/www.elabrno.cz\/cs\/magneticko-indukcni-prutokomery-mqi-si\/\"><img loading=\"lazy\" decoding=\"async\" class=\"alignleft wp-image-10190 \" src=\"http:\/\/www.elabrno.cz\/wp-content\/uploads\/2020\/04\/MISURATORI-DI-PORTATA.png\" alt=\"\" width=\"70\" height=\"70\" srcset=\"https:\/\/www.elabrno.cz\/wp-content\/uploads\/2020\/04\/MISURATORI-DI-PORTATA.png 300w, https:\/\/www.elabrno.cz\/wp-content\/uploads\/2020\/04\/MISURATORI-DI-PORTATA-140x140.png 140w, https:\/\/www.elabrno.cz\/wp-content\/uploads\/2020\/04\/MISURATORI-DI-PORTATA-96x96.png 96w, https:\/\/www.elabrno.cz\/wp-content\/uploads\/2020\/04\/MISURATORI-DI-PORTATA-250x250.png 250w\" sizes=\"auto, (max-width: 70px) 100vw, 70px\" \/><\/a><a href=\"https:\/\/www.elabrno.cz\/?page_id=9146\"><strong>Magneticko &#8211; induk\u010dn\u00ed pr\u016ftokom\u011bry<\/strong><\/a><\/p>\n<p>&#8211; pr\u016ftokom\u011bry do potrub\u00ed sv\u011btlosti DN 10 \u00f7 DN 1000<\/p>\n<p><a href=\"http:\/\/www.elabrno.cz\/cs\/ultrazvukove-prutokomery-2\/\"><img loading=\"lazy\" decoding=\"async\" class=\"alignleft  wp-image-10192\" src=\"http:\/\/www.elabrno.cz\/wp-content\/uploads\/2020\/04\/ultrazvukov\u00e9-pr\u016ftokom\u011bry.png\" alt=\"\" width=\"70\" height=\"70\" srcset=\"https:\/\/www.elabrno.cz\/wp-content\/uploads\/2020\/04\/ultrazvukov\u00e9-pr\u016ftokom\u011bry.png 300w, https:\/\/www.elabrno.cz\/wp-content\/uploads\/2020\/04\/ultrazvukov\u00e9-pr\u016ftokom\u011bry-140x140.png 140w, https:\/\/www.elabrno.cz\/wp-content\/uploads\/2020\/04\/ultrazvukov\u00e9-pr\u016ftokom\u011bry-96x96.png 96w, https:\/\/www.elabrno.cz\/wp-content\/uploads\/2020\/04\/ultrazvukov\u00e9-pr\u016ftokom\u011bry-250x250.png 250w\" sizes=\"auto, (max-width: 70px) 100vw, 70px\" \/><\/a><a href=\"https:\/\/www.elabrno.cz\/?page_id=9594\"><strong>Ultrazvukov\u00e9 pr\u016ftokom\u011bry<\/strong><\/a><\/p>\n<p style=\"padding-left: 40px;\">&#8211; pro otev\u0159en\u00e9 m\u011brn\u00e9 profily<\/p>\n<p><strong><a href=\"https:\/\/www.elabrno.cz\/?page_id=9149\">Ultrazvukov\u00e9 hladinom\u011bry<\/a><\/strong><a href=\"http:\/\/www.elabrno.cz\/cs\/ultrazvukove-hladinomery\/\"><img loading=\"lazy\" decoding=\"async\" class=\"alignleft wp-image-10193 \" src=\"http:\/\/www.elabrno.cz\/wp-content\/uploads\/2020\/04\/MISURATORI-DI-LIVELLO.png\" alt=\"\" width=\"70\" height=\"70\" srcset=\"https:\/\/www.elabrno.cz\/wp-content\/uploads\/2020\/04\/MISURATORI-DI-LIVELLO.png 300w, https:\/\/www.elabrno.cz\/wp-content\/uploads\/2020\/04\/MISURATORI-DI-LIVELLO-140x140.png 140w, https:\/\/www.elabrno.cz\/wp-content\/uploads\/2020\/04\/MISURATORI-DI-LIVELLO-96x96.png 96w, https:\/\/www.elabrno.cz\/wp-content\/uploads\/2020\/04\/MISURATORI-DI-LIVELLO-250x250.png 250w\" sizes=\"auto, (max-width: 70px) 100vw, 70px\" \/><\/a><\/p>\n<p style=\"padding-left: 40px;\">&#8211; hladinom\u011bry pro spojit\u00e9, bezkontaktn\u00ed m\u011b\u0159en\u00ed voln\u00fdch hladin<\/p>\n<p><strong><a href=\"https:\/\/www.elabrno.cz\/?page_id=9562\">Elektrodov\u00e9 syst\u00e9my<\/a><\/strong><a href=\"http:\/\/www.elabrno.cz\/cs\/elektrodove-systemy-2\/\"><img loading=\"lazy\" decoding=\"async\" class=\"alignleft wp-image-10195 \" src=\"http:\/\/www.elabrno.cz\/wp-content\/uploads\/2020\/04\/SOLUZIONI-COMPLETE-PER-MISURA-E-MONITORAGGIO.png\" alt=\"\" width=\"70\" height=\"70\" srcset=\"https:\/\/www.elabrno.cz\/wp-content\/uploads\/2020\/04\/SOLUZIONI-COMPLETE-PER-MISURA-E-MONITORAGGIO.png 300w, https:\/\/www.elabrno.cz\/wp-content\/uploads\/2020\/04\/SOLUZIONI-COMPLETE-PER-MISURA-E-MONITORAGGIO-140x140.png 140w, https:\/\/www.elabrno.cz\/wp-content\/uploads\/2020\/04\/SOLUZIONI-COMPLETE-PER-MISURA-E-MONITORAGGIO-96x96.png 96w, https:\/\/www.elabrno.cz\/wp-content\/uploads\/2020\/04\/SOLUZIONI-COMPLETE-PER-MISURA-E-MONITORAGGIO-250x250.png 250w\" sizes=\"auto, (max-width: 70px) 100vw, 70px\" \/><\/a><\/p>\n<p style=\"padding-left: 40px;\">&#8211; elektrodov\u00e9 syst\u00e9my ke sn\u00edm\u00e1n\u00ed a vyhodnocov\u00e1n\u00ed \u00farovn\u00ed hladin<\/p>\n<p><strong>Parshallovy \u017elaby<\/strong><img loading=\"lazy\" decoding=\"async\" class=\"alignleft wp-image-10234 \" src=\"http:\/\/www.elabrno.cz\/wp-content\/uploads\/2020\/05\/parshall.png\" alt=\"\" width=\"70\" height=\"70\" srcset=\"https:\/\/www.elabrno.cz\/wp-content\/uploads\/2020\/05\/parshall.png 300w, https:\/\/www.elabrno.cz\/wp-content\/uploads\/2020\/05\/parshall-140x140.png 140w, https:\/\/www.elabrno.cz\/wp-content\/uploads\/2020\/05\/parshall-96x96.png 96w, https:\/\/www.elabrno.cz\/wp-content\/uploads\/2020\/05\/parshall-250x250.png 250w\" sizes=\"auto, (max-width: 70px) 100vw, 70px\" \/><\/p>\n<p style=\"padding-left: 40px;\">&#8211; Parshallovy \u017elaby P1 \u00f7 P9<\/p>\n<p><strong><a href=\"https:\/\/www.elabrno.cz\/?page_id=9207\">Software<\/a><\/strong><a href=\"http:\/\/www.elabrno.cz\/cs\/software-2\/\"><img loading=\"lazy\" decoding=\"async\" class=\"alignleft wp-image-10196 \" src=\"http:\/\/www.elabrno.cz\/wp-content\/uploads\/2020\/04\/ACCESSORI-DISPLAY-1d.png\" alt=\"\" width=\"70\" height=\"70\" srcset=\"https:\/\/www.elabrno.cz\/wp-content\/uploads\/2020\/04\/ACCESSORI-DISPLAY-1d.png 425w, https:\/\/www.elabrno.cz\/wp-content\/uploads\/2020\/04\/ACCESSORI-DISPLAY-1d-300x300.png 300w, https:\/\/www.elabrno.cz\/wp-content\/uploads\/2020\/04\/ACCESSORI-DISPLAY-1d-140x140.png 140w, https:\/\/www.elabrno.cz\/wp-content\/uploads\/2020\/04\/ACCESSORI-DISPLAY-1d-96x96.png 96w, https:\/\/www.elabrno.cz\/wp-content\/uploads\/2020\/04\/ACCESSORI-DISPLAY-1d-250x250.png 250w\" sizes=\"auto, (max-width: 70px) 100vw, 70px\" \/><\/a><\/p>\n<p style=\"padding-left: 40px;\">&#8211; vzd\u00e1len\u00e1 komunikace, program pro sb\u011br a vyhodnocov\u00e1n\u00ed archivovan\u00fdch dat<\/p>\n<\/div><\/div>\n\n\n\n<p><\/p>\n","protected":false},"excerpt":{"rendered":"<p>Magneticko &#8211; induk\u010dn\u00ed pr\u016ftokom\u011bry &#8211; pr\u016ftokom\u011bry do potrub\u00ed sv\u011btlosti DN 10 \u00f7 DN 1000 Ultrazvukov\u00e9 pr\u016ftokom\u011bry &#8211; pro otev\u0159en\u00e9 m\u011brn\u00e9 profily Ultrazvukov\u00e9 hladinom\u011bry &#8211; hladinom\u011bry pro spojit\u00e9, bezkontaktn\u00ed m\u011b\u0159en\u00ed voln\u00fdch hladin Elektrodov\u00e9 syst\u00e9my &#8211; elektrodov\u00e9 syst\u00e9my ke sn\u00edm\u00e1n\u00ed a vyhodnocov\u00e1n\u00ed \u00farovn\u00ed hladin Parshallovy \u017elaby &#8211; Parshallovy \u017elaby P1 \u00f7 P9 Software &#8211; vzd\u00e1len\u00e1 komunikace, program pro sb\u011br a vyhodnocov\u00e1n\u00ed archivovan\u00fdch<\/p>\n<div class=\"read-more\"><a class=\"more-link\" href=\"https:\/\/www.elabrno.cz\/?page_id=9093\">Read More &#8230;<\/a><\/div>\n","protected":false},"author":1,"featured_media":0,"parent":0,"menu_order":0,"comment_status":"closed","ping_status":"open","template":"","meta":{"footnotes":""},"class_list":["post-9093","page","type-page","status-publish","hentry"],"_links":{"self":[{"href":"https:\/\/www.elabrno.cz\/index.php?rest_route=\/wp\/v2\/pages\/9093","targetHints":{"allow":["GET"]}}],"collection":[{"href":"https:\/\/www.elabrno.cz\/index.php?rest_route=\/wp\/v2\/pages"}],"about":[{"href":"https:\/\/www.elabrno.cz\/index.php?rest_route=\/wp\/v2\/types\/page"}],"author":[{"embeddable":true,"href":"https:\/\/www.elabrno.cz\/index.php?rest_route=\/wp\/v2\/users\/1"}],"replies":[{"embeddable":true,"href":"https:\/\/www.elabrno.cz\/index.php?rest_route=%2Fwp%2Fv2%2Fcomments&post=9093"}],"version-history":[{"count":3,"href":"https:\/\/www.elabrno.cz\/index.php?rest_route=\/wp\/v2\/pages\/9093\/revisions"}],"predecessor-version":[{"id":26585,"href":"https:\/\/www.elabrno.cz\/index.php?rest_route=\/wp\/v2\/pages\/9093\/revisions\/26585"}],"wp:attachment":[{"href":"https:\/\/www.elabrno.cz\/index.php?rest_route=%2Fwp%2Fv2%2Fmedia&parent=9093"}],"curies":[{"name":"wp","href":"https:\/\/api.w.org\/{rel}","templated":true}]}}