{"id":9092,"date":"2015-07-14T14:44:20","date_gmt":"2015-07-14T14:44:20","guid":{"rendered":"http:\/\/www.elabrno.cz\/?page_id=9092"},"modified":"2020-09-09T08:05:57","modified_gmt":"2020-09-09T08:05:57","slug":"servis","status":"publish","type":"page","link":"https:\/\/www.elabrno.cz\/?page_id=9092","title":{"rendered":"Servis"},"content":{"rendered":"\n<div class=\"wp-block-columns is-layout-flex wp-container-core-columns-is-layout-9d6595d7 wp-block-columns-is-layout-flex\">\n<div class=\"wp-block-column is-layout-flow wp-block-column-is-layout-flow\">\n<p><strong>Servis<\/strong><\/p>\n\n\n\n<p>Servisn\u00ed pr\u00e1ce jsou prov\u00e1d\u011bny podle po\u017eadavku z\u00e1kazn\u00edka dle druhu v\u00fdrobku. Z\u00e1ru\u010dn\u00ed opravy elektronick\u00fdch \u010d\u00e1st\u00ed po doru\u010den\u00ed na provozovnu prov\u00e1d\u00ed servisn\u00ed technik do p\u011bti dn\u016f, v m\u00edst\u011b mont\u00e1\u017ee v\u017edy a\u017e po dohod\u011b, nebo dle podm\u00ednek stanoven\u00fdch v kupn\u00ed smlouv\u011b u dan\u00e9ho v\u00fdrobku. Opravy a cejchov\u00e1n\u00ed sn\u00edmac\u00edch \u010didel induk\u010dn\u00edch pr\u016ftokom\u011br\u016f po dohod\u011b s technikem.<\/p>\n\n\n\n<p>V p\u0159\u00edpad\u011b poruchy p\u0159\u00edstroje kontaktujte na\u0161e servisn\u00ed odd\u011blen\u00ed v sekci <strong><a title=\"Kontakt\" href=\"http:\/\/www.elabrno.cz\/kontakt\/\">KONTAKTY<\/a>.<\/strong><\/p>\n\n\n\n<p><\/p>\n<\/div>\n\n\n\n<div class=\"wp-block-column is-layout-flow wp-block-column-is-layout-flow\">\n<p><strong>Ov\u011b\u0159ov\u00e1n\u00ed m\u011b\u0159idel<\/strong><\/p>\n\n\n\n<ul class=\"wp-block-list\"><li>Induk\u010dn\u00ed pr\u016ftokom\u011bry<\/li><\/ul>\n\n\n\n<p>Pracovn\u00ed m\u011b\u0159idla stanoven\u00e9 i nestanoven\u00e9 jsou testov\u00e1ny na certifikovan\u00fdch zku\u0161ebn\u00e1ch pr\u016ftok\u016f v Brn\u011b a Blansku dle velikosti DN a po\u017eadovan\u00fdch pr\u016ftok\u016f. <\/p>\n\n\n\n<ul class=\"wp-block-list\"><li>Ultrazvukov\u00e9 pr\u016ftokom\u011bry<\/li><\/ul>\n\n\n\n<p>Pracovn\u00ed m\u011b\u0159idla stanoven\u00e1 jsou testov\u00e1na p\u0159\u00edmo na m\u011brn\u00e9m m\u00edst\u011b, v\u010detn\u011b hydraulick\u00e9 \u010d\u00e1sti jako ned\u011bliteln\u00fd celek. Prov\u00e1d\u00ed na\u0161i partne\u0159i s pat\u0159i\u010dnou atestac\u00ed pro tuto \u010dinnost.<\/p>\n\n\n\n<p>Pracovn\u00ed m\u011b\u0159idla nestanoven\u00e1 jsou testov\u00e1na p\u0159\u00edmo na m\u011brn\u00e9m m\u00edst\u011b (elektronick\u00e1 \u010d\u00e1st pr\u016ftokom\u011bru), hydraulick\u00e1 \u010d\u00e1st m\u011brn\u00e9ho objektu je kontrolov\u00e1na jen orienta\u010dn\u011b bez vystaven\u00ed protokolu. Prov\u00e1d\u00ed ELA&nbsp;spol. s r.o.&nbsp;v\u010detn\u011b protokolu o revizi ultrazvukov\u00e9ho m\u011b\u0159idla.<\/p>\n<\/div>\n<\/div>\n","protected":false},"excerpt":{"rendered":"<p>Servis Servisn\u00ed pr\u00e1ce jsou prov\u00e1d\u011bny podle po\u017eadavku z\u00e1kazn\u00edka dle druhu v\u00fdrobku. Z\u00e1ru\u010dn\u00ed opravy elektronick\u00fdch \u010d\u00e1st\u00ed po doru\u010den\u00ed na provozovnu prov\u00e1d\u00ed servisn\u00ed technik do p\u011bti dn\u016f, v m\u00edst\u011b mont\u00e1\u017ee v\u017edy a\u017e po dohod\u011b, nebo dle podm\u00ednek stanoven\u00fdch v kupn\u00ed smlouv\u011b u dan\u00e9ho v\u00fdrobku. Opravy a cejchov\u00e1n\u00ed sn\u00edmac\u00edch \u010didel induk\u010dn\u00edch pr\u016ftokom\u011br\u016f po dohod\u011b s technikem. V p\u0159\u00edpad\u011b poruchy p\u0159\u00edstroje kontaktujte na\u0161e servisn\u00ed<\/p>\n<div class=\"read-more\"><a class=\"more-link\" href=\"https:\/\/www.elabrno.cz\/?page_id=9092\">Read More &#8230;<\/a><\/div>\n","protected":false},"author":1,"featured_media":0,"parent":0,"menu_order":0,"comment_status":"closed","ping_status":"open","template":"","meta":{"footnotes":""},"class_list":["post-9092","page","type-page","status-publish","hentry"],"_links":{"self":[{"href":"https:\/\/www.elabrno.cz\/index.php?rest_route=\/wp\/v2\/pages\/9092","targetHints":{"allow":["GET"]}}],"collection":[{"href":"https:\/\/www.elabrno.cz\/index.php?rest_route=\/wp\/v2\/pages"}],"about":[{"href":"https:\/\/www.elabrno.cz\/index.php?rest_route=\/wp\/v2\/types\/page"}],"author":[{"embeddable":true,"href":"https:\/\/www.elabrno.cz\/index.php?rest_route=\/wp\/v2\/users\/1"}],"replies":[{"embeddable":true,"href":"https:\/\/www.elabrno.cz\/index.php?rest_route=%2Fwp%2Fv2%2Fcomments&post=9092"}],"version-history":[{"count":0,"href":"https:\/\/www.elabrno.cz\/index.php?rest_route=\/wp\/v2\/pages\/9092\/revisions"}],"wp:attachment":[{"href":"https:\/\/www.elabrno.cz\/index.php?rest_route=%2Fwp%2Fv2%2Fmedia&parent=9092"}],"curies":[{"name":"wp","href":"https:\/\/api.w.org\/{rel}","templated":true}]}}