{"id":10218,"date":"2020-04-28T09:40:19","date_gmt":"2020-04-28T09:40:19","guid":{"rendered":"http:\/\/www.elabrno.cz\/?page_id=10218"},"modified":"2025-09-09T10:29:53","modified_gmt":"2025-09-09T10:29:53","slug":"domu","status":"publish","type":"page","link":"https:\/\/www.elabrno.cz\/","title":{"rendered":"dom\u016f"},"content":{"rendered":"\n<div class=\"wp-block-columns is-layout-flex wp-container-core-columns-is-layout-9d6595d7 wp-block-columns-is-layout-flex\">\n<div class=\"wp-block-column is-layout-flow wp-block-column-is-layout-flow\">\n<p style=\"text-align: left;\"><a href=\"http:\/\/www.elabrno.cz\/cs\/magneticko-indukcni-prutokomery-mqi-si\/\"><img loading=\"lazy\" decoding=\"async\" class=\"alignleft wp-image-10190 \" src=\"http:\/\/www.elabrno.cz\/wp-content\/uploads\/2020\/04\/MISURATORI-DI-PORTATA.png\" alt=\"\" width=\"70\" height=\"70\" srcset=\"https:\/\/www.elabrno.cz\/wp-content\/uploads\/2020\/04\/MISURATORI-DI-PORTATA.png 300w, https:\/\/www.elabrno.cz\/wp-content\/uploads\/2020\/04\/MISURATORI-DI-PORTATA-140x140.png 140w, https:\/\/www.elabrno.cz\/wp-content\/uploads\/2020\/04\/MISURATORI-DI-PORTATA-96x96.png 96w, https:\/\/www.elabrno.cz\/wp-content\/uploads\/2020\/04\/MISURATORI-DI-PORTATA-250x250.png 250w\" sizes=\"auto, (max-width: 70px) 100vw, 70px\" \/><\/a><a href=\"https:\/\/www.elabrno.cz\/?page_id=9146\"><strong>Magneticko induk\u010dn\u00ed pr\u016ftokom\u011bry<\/strong><\/a><\/p>\n<\/div>\n\n\n\n<div class=\"wp-block-column is-layout-flow wp-block-column-is-layout-flow\">\n<p style=\"text-align: left;\"><a href=\"http:\/\/www.elabrno.cz\/cs\/ultrazvukove-prutokomery-2\/\"><img loading=\"lazy\" decoding=\"async\" class=\"alignleft wp-image-10192 \" src=\"http:\/\/www.elabrno.cz\/wp-content\/uploads\/2020\/04\/ultrazvukov\u00e9-pr\u016ftokom\u011bry.png\" alt=\"\" width=\"70\" height=\"70\" srcset=\"https:\/\/www.elabrno.cz\/wp-content\/uploads\/2020\/04\/ultrazvukov\u00e9-pr\u016ftokom\u011bry.png 300w, https:\/\/www.elabrno.cz\/wp-content\/uploads\/2020\/04\/ultrazvukov\u00e9-pr\u016ftokom\u011bry-140x140.png 140w, https:\/\/www.elabrno.cz\/wp-content\/uploads\/2020\/04\/ultrazvukov\u00e9-pr\u016ftokom\u011bry-96x96.png 96w, https:\/\/www.elabrno.cz\/wp-content\/uploads\/2020\/04\/ultrazvukov\u00e9-pr\u016ftokom\u011bry-250x250.png 250w\" sizes=\"auto, (max-width: 70px) 100vw, 70px\" \/><\/a><strong><a href=\"https:\/\/www.elabrno.cz\/?page_id=9126\">Ultrazvukov\u00e9 pr\u016ftokom\u011bry<\/a><\/strong><\/p>\n<\/div>\n\n\n\n<div class=\"wp-block-column is-layout-flow wp-block-column-is-layout-flow\">\n<p><a href=\"http:\/\/www.elabrno.cz\/cs\/ultrazvukove-hladinomery\/\"><img loading=\"lazy\" decoding=\"async\" class=\"alignleft wp-image-10193 \" src=\"http:\/\/www.elabrno.cz\/wp-content\/uploads\/2020\/04\/MISURATORI-DI-LIVELLO.png\" alt=\"\" width=\"70\" height=\"70\" srcset=\"https:\/\/www.elabrno.cz\/wp-content\/uploads\/2020\/04\/MISURATORI-DI-LIVELLO.png 300w, https:\/\/www.elabrno.cz\/wp-content\/uploads\/2020\/04\/MISURATORI-DI-LIVELLO-140x140.png 140w, https:\/\/www.elabrno.cz\/wp-content\/uploads\/2020\/04\/MISURATORI-DI-LIVELLO-96x96.png 96w, https:\/\/www.elabrno.cz\/wp-content\/uploads\/2020\/04\/MISURATORI-DI-LIVELLO-250x250.png 250w\" sizes=\"auto, (max-width: 70px) 100vw, 70px\" \/><\/a><a href=\"https:\/\/www.elabrno.cz\/?page_id=9149\"><strong>Ultrazvukov\u00e9 hladinom\u011bry<\/strong><\/a><\/p>\n<\/div>\n<\/div>\n\n\n\n<div class=\"wp-block-columns is-layout-flex wp-container-core-columns-is-layout-9d6595d7 wp-block-columns-is-layout-flex\">\n<div class=\"wp-block-column is-layout-flow wp-block-column-is-layout-flow\">\n<p><a href=\"http:\/\/www.elabrno.cz\/cs\/elektrodove-systemy-2\/\"><img loading=\"lazy\" decoding=\"async\" class=\"alignleft wp-image-10195 \" src=\"http:\/\/www.elabrno.cz\/wp-content\/uploads\/2020\/04\/SOLUZIONI-COMPLETE-PER-MISURA-E-MONITORAGGIO.png\" alt=\"\" width=\"70\" height=\"70\" srcset=\"https:\/\/www.elabrno.cz\/wp-content\/uploads\/2020\/04\/SOLUZIONI-COMPLETE-PER-MISURA-E-MONITORAGGIO.png 300w, https:\/\/www.elabrno.cz\/wp-content\/uploads\/2020\/04\/SOLUZIONI-COMPLETE-PER-MISURA-E-MONITORAGGIO-140x140.png 140w, https:\/\/www.elabrno.cz\/wp-content\/uploads\/2020\/04\/SOLUZIONI-COMPLETE-PER-MISURA-E-MONITORAGGIO-96x96.png 96w, https:\/\/www.elabrno.cz\/wp-content\/uploads\/2020\/04\/SOLUZIONI-COMPLETE-PER-MISURA-E-MONITORAGGIO-250x250.png 250w\" sizes=\"auto, (max-width: 70px) 100vw, 70px\" \/><\/a><a href=\"https:\/\/www.elabrno.cz\/?page_id=9562\"><strong>Elektrodov\u00e9 syst\u00e9my<\/strong><\/a><\/p>\n<\/div>\n\n\n\n<div class=\"wp-block-column is-layout-flow wp-block-column-is-layout-flow\">\n<div class=\"wp-block-group\"><div class=\"wp-block-group__inner-container is-layout-flow wp-block-group-is-layout-flow\">\n<div class=\"wp-block-group\"><div class=\"wp-block-group__inner-container is-layout-flow wp-block-group-is-layout-flow\">\n<p><img loading=\"lazy\" decoding=\"async\" class=\"alignleft wp-image-10234 \" src=\"http:\/\/www.elabrno.cz\/wp-content\/uploads\/2020\/05\/parshall.png\" alt=\"\" width=\"70\" height=\"70\" srcset=\"https:\/\/www.elabrno.cz\/wp-content\/uploads\/2020\/05\/parshall.png 300w, https:\/\/www.elabrno.cz\/wp-content\/uploads\/2020\/05\/parshall-140x140.png 140w, https:\/\/www.elabrno.cz\/wp-content\/uploads\/2020\/05\/parshall-96x96.png 96w, https:\/\/www.elabrno.cz\/wp-content\/uploads\/2020\/05\/parshall-250x250.png 250w\" sizes=\"auto, (max-width: 70px) 100vw, 70px\" \/><b>Parshallovy \u017elaby<\/b><\/p>\n<\/div><\/div>\n<\/div><\/div>\n\n\n\n<p><\/p>\n<\/div>\n\n\n\n<div class=\"wp-block-column is-layout-flow wp-block-column-is-layout-flow\">\n<div class=\"wp-block-group\"><div class=\"wp-block-group__inner-container is-layout-flow wp-block-group-is-layout-flow\">\n<div class=\"wp-block-group\"><div class=\"wp-block-group__inner-container is-layout-flow wp-block-group-is-layout-flow\">\n<p><a href=\"http:\/\/www.elabrno.cz\/cs\/software-2\/\"><img loading=\"lazy\" decoding=\"async\" class=\"alignleft wp-image-10196 \" src=\"http:\/\/www.elabrno.cz\/wp-content\/uploads\/2020\/04\/ACCESSORI-DISPLAY-1d.png\" alt=\"\" width=\"70\" height=\"70\" srcset=\"https:\/\/www.elabrno.cz\/wp-content\/uploads\/2020\/04\/ACCESSORI-DISPLAY-1d.png 425w, https:\/\/www.elabrno.cz\/wp-content\/uploads\/2020\/04\/ACCESSORI-DISPLAY-1d-300x300.png 300w, https:\/\/www.elabrno.cz\/wp-content\/uploads\/2020\/04\/ACCESSORI-DISPLAY-1d-140x140.png 140w, https:\/\/www.elabrno.cz\/wp-content\/uploads\/2020\/04\/ACCESSORI-DISPLAY-1d-96x96.png 96w, https:\/\/www.elabrno.cz\/wp-content\/uploads\/2020\/04\/ACCESSORI-DISPLAY-1d-250x250.png 250w\" sizes=\"auto, (max-width: 70px) 100vw, 70px\" \/><\/a><a href=\"https:\/\/www.elabrno.cz\/?page_id=9207\"><b>Software<\/b><\/a><\/p>\n<\/div><\/div>\n<\/div><\/div>\n<\/div>\n<\/div>\n\n\n\n<div class=\"wp-block-columns is-layout-flex wp-container-core-columns-is-layout-9d6595d7 wp-block-columns-is-layout-flex\">\n<div class=\"wp-block-column is-layout-flow wp-block-column-is-layout-flow\">\n<header class=\"entry-header\"><header class=\"entry-header\">\n<h1 class=\"entry-title\"><a href=\"https:\/\/www.elabrno.cz\/?page_id=9146\" rel=\"bookmark\">Nov\u00e9 magneticko &#8211; induk\u010dn\u00ed pr\u016ftokom\u011bry MI, MIA, MIE<\/a><\/h1>\n<p><a href=\"http:\/\/www.elabrno.cz\/cs\/produkty\/\"><img loading=\"lazy\" decoding=\"async\" class=\"wp-image-10219 alignnone\" src=\"http:\/\/www.elabrno.cz\/wp-content\/uploads\/2020\/04\/plakat.png\" alt=\"\" width=\"354\" height=\"233\" srcset=\"https:\/\/www.elabrno.cz\/wp-content\/uploads\/2020\/04\/plakat.png 1056w, https:\/\/www.elabrno.cz\/wp-content\/uploads\/2020\/04\/plakat-300x198.png 300w, https:\/\/www.elabrno.cz\/wp-content\/uploads\/2020\/04\/plakat-1024x675.png 1024w, https:\/\/www.elabrno.cz\/wp-content\/uploads\/2020\/04\/plakat-140x92.png 140w, https:\/\/www.elabrno.cz\/wp-content\/uploads\/2020\/04\/plakat-768x506.png 768w\" sizes=\"auto, (max-width: 354px) 100vw, 354px\" \/><\/a><\/p>\n<\/header>\n<p>RYCHL\u00dd P\u0158EHLED:<\/p>\n<ul>\n<li>Bezdisplejov\u00e1 \u0159\u00edd\u00edc\u00ed jednotka<\/li>\n<li>Nov\u00e1 v\u00fdkonn\u00e1 digit\u00e1ln\u00ed \u010d\u00e1st<\/li>\n<li>Nov\u00e1 analogov\u00e1 \u010d\u00e1st s rychl\u00fdm detektorem vzduchu v potrub\u00ed<\/li>\n<li>R\u016fzn\u00e9 v\u00fdstupy a komunika\u010dn\u00ed porty podle typu pr\u016ftokom\u011bru (MI, MIA, MIE) &#8230;<\/li>\n<\/ul>\n<\/header>\n\n\n\n<h1>\u00a0<\/h1>\n<h1><a href=\"https:\/\/www.elabrno.cz\/?page_id=9142\">P\u0159\u00edklady aplikac\u00ed v praxi<\/a><\/h1>\n<p>Reference z\u00e1kazn\u00edk\u016f, \u00fasp\u011b\u0161n\u011b vy\u0159e\u0161en\u00e9 po\u017eadavky na m\u011b\u0159en\u00ed ve v\u0161ech pr\u016fmyslov\u00fdch odv\u011btv\u00edch<a href=\"http:\/\/www.elabrno.cz\/cs\/reference\"><img loading=\"lazy\" decoding=\"async\" class=\"alignleft size-full wp-image-10242\" src=\"http:\/\/www.elabrno.cz\/wp-content\/uploads\/2020\/05\/Clipboard01-1.png\" alt=\"\" width=\"1083\" height=\"655\" srcset=\"https:\/\/www.elabrno.cz\/wp-content\/uploads\/2020\/05\/Clipboard01-1.png 1083w, https:\/\/www.elabrno.cz\/wp-content\/uploads\/2020\/05\/Clipboard01-1-300x181.png 300w, https:\/\/www.elabrno.cz\/wp-content\/uploads\/2020\/05\/Clipboard01-1-1024x619.png 1024w, https:\/\/www.elabrno.cz\/wp-content\/uploads\/2020\/05\/Clipboard01-1-140x85.png 140w, https:\/\/www.elabrno.cz\/wp-content\/uploads\/2020\/05\/Clipboard01-1-768x464.png 768w\" sizes=\"auto, (max-width: 1083px) 100vw, 1083px\" \/><\/a><\/p>\n<\/div>\n\n\n\n<div class=\"wp-block-column is-layout-flow wp-block-column-is-layout-flow\">\n<div class=\"wp-block-group\"><div class=\"wp-block-group__inner-container is-layout-flow wp-block-group-is-layout-flow\">\n<div class=\"wp-block-group\"><div class=\"wp-block-group__inner-container is-layout-flow wp-block-group-is-layout-flow\">\n<header class=\"entry-header\">\n<h1 class=\"entry-title\">Zaujal v\u00e1s n\u011bkter\u00fd z na\u0161ich p\u0159\u00edstroj\u016f?<img loading=\"lazy\" decoding=\"async\" class=\"alignleft size-full wp-image-10079\" src=\"http:\/\/www.elabrno.cz\/wp-content\/uploads\/2017\/10\/expert-center-1200x417.jpg\" alt=\"\" width=\"1200\" height=\"417\" srcset=\"https:\/\/www.elabrno.cz\/wp-content\/uploads\/2017\/10\/expert-center-1200x417.jpg 1200w, https:\/\/www.elabrno.cz\/wp-content\/uploads\/2017\/10\/expert-center-1200x417-140x49.jpg 140w, https:\/\/www.elabrno.cz\/wp-content\/uploads\/2017\/10\/expert-center-1200x417-300x104.jpg 300w, https:\/\/www.elabrno.cz\/wp-content\/uploads\/2017\/10\/expert-center-1200x417-768x267.jpg 768w, https:\/\/www.elabrno.cz\/wp-content\/uploads\/2017\/10\/expert-center-1200x417-1024x356.jpg 1024w\" sizes=\"auto, (max-width: 1200px) 100vw, 1200px\" \/><\/h1>\n<\/header>\n<div class=\"entry-summary\">Nechte si zaslat aktu\u00e1ln\u00ed cen\u00edk, nap\u0159\u00edklad pomoc\u00ed formul\u00e1\u0159e v sekci <strong><a href=\"https:\/\/www.elabrno.cz\/?page_id=9094\">kontakty<\/a><\/strong>. R\u00e1di v\u00e1m poskytneme odborn\u00e9 poradenstv\u00ed a n\u00e1vrh technick\u00e9ho \u0159e\u0161en\u00ed.<\/div>\n<div>\u00a0<\/div>\n<\/div><\/div>\n<\/div><\/div>\n\n\n\n<p>Ke ka\u017ed\u00e9mu projektu&nbsp;p\u0159istupujeme individu\u00e1ln\u011b&nbsp;a na z\u00e1klad\u011b&nbsp;pot\u0159eb z\u00e1kazn\u00edka&nbsp;navrhneme ide\u00e1ln\u00ed \u0159e\u0161en\u00ed po\u010d\u00ednaje projektovou p\u0159\u00edpravou a\u017e po kone\u010dnou instalaci m\u011b\u0159idel.<img loading=\"lazy\" decoding=\"async\" class=\"alignleft size-full wp-image-9980\" src=\"http:\/\/www.elabrno.cz\/wp-content\/uploads\/2018\/10\/1.jpg\" alt=\"\" width=\"852\" height=\"480\" srcset=\"https:\/\/www.elabrno.cz\/wp-content\/uploads\/2018\/10\/1.jpg 852w, https:\/\/www.elabrno.cz\/wp-content\/uploads\/2018\/10\/1-140x79.jpg 140w, https:\/\/www.elabrno.cz\/wp-content\/uploads\/2018\/10\/1-300x169.jpg 300w, https:\/\/www.elabrno.cz\/wp-content\/uploads\/2018\/10\/1-768x433.jpg 768w\" sizes=\"auto, (max-width: 852px) 100vw, 852px\" \/><\/p>\n<\/div>\n<\/div>\n","protected":false},"excerpt":{"rendered":"<p>Magneticko induk\u010dn\u00ed pr\u016ftokom\u011bry Ultrazvukov\u00e9 pr\u016ftokom\u011bry Ultrazvukov\u00e9 hladinom\u011bry Elektrodov\u00e9 syst\u00e9my Parshallovy \u017elaby Software Nov\u00e9 magneticko &#8211; induk\u010dn\u00ed pr\u016ftokom\u011bry MI, MIA, MIE RYCHL\u00dd P\u0158EHLED: Bezdisplejov\u00e1 \u0159\u00edd\u00edc\u00ed jednotka Nov\u00e1 v\u00fdkonn\u00e1 digit\u00e1ln\u00ed \u010d\u00e1st Nov\u00e1 analogov\u00e1 \u010d\u00e1st s rychl\u00fdm detektorem vzduchu v potrub\u00ed R\u016fzn\u00e9 v\u00fdstupy a komunika\u010dn\u00ed porty podle typu pr\u016ftokom\u011bru (MI, MIA, MIE) &#8230; \u00a0 P\u0159\u00edklady aplikac\u00ed v praxi Reference z\u00e1kazn\u00edk\u016f, \u00fasp\u011b\u0161n\u011b vy\u0159e\u0161en\u00e9 po\u017eadavky<\/p>\n<div class=\"read-more\"><a class=\"more-link\" href=\"https:\/\/www.elabrno.cz\/\">Read More &#8230;<\/a><\/div>\n","protected":false},"author":1,"featured_media":0,"parent":0,"menu_order":0,"comment_status":"closed","ping_status":"closed","template":"","meta":{"footnotes":""},"class_list":["post-10218","page","type-page","status-publish","hentry"],"_links":{"self":[{"href":"https:\/\/www.elabrno.cz\/index.php?rest_route=\/wp\/v2\/pages\/10218","targetHints":{"allow":["GET"]}}],"collection":[{"href":"https:\/\/www.elabrno.cz\/index.php?rest_route=\/wp\/v2\/pages"}],"about":[{"href":"https:\/\/www.elabrno.cz\/index.php?rest_route=\/wp\/v2\/types\/page"}],"author":[{"embeddable":true,"href":"https:\/\/www.elabrno.cz\/index.php?rest_route=\/wp\/v2\/users\/1"}],"replies":[{"embeddable":true,"href":"https:\/\/www.elabrno.cz\/index.php?rest_route=%2Fwp%2Fv2%2Fcomments&post=10218"}],"version-history":[{"count":11,"href":"https:\/\/www.elabrno.cz\/index.php?rest_route=\/wp\/v2\/pages\/10218\/revisions"}],"predecessor-version":[{"id":26582,"href":"https:\/\/www.elabrno.cz\/index.php?rest_route=\/wp\/v2\/pages\/10218\/revisions\/26582"}],"wp:attachment":[{"href":"https:\/\/www.elabrno.cz\/index.php?rest_route=%2Fwp%2Fv2%2Fmedia&parent=10218"}],"curies":[{"name":"wp","href":"https:\/\/api.w.org\/{rel}","templated":true}]}}